{"id":315,"date":"2020-11-20T07:57:11","date_gmt":"2020-11-20T06:57:11","guid":{"rendered":"http:\/\/mineralozen.com\/?page_id=315"},"modified":"2020-11-20T10:48:32","modified_gmt":"2020-11-20T09:48:32","slug":"l-histoire-de-mineralozen","status":"publish","type":"page","link":"https:\/\/mineralozen.com\/index.php\/l-histoire-de-mineralozen\/","title":{"rendered":"L&rsquo;histoire de Min\u00e9ralOzen"},"content":{"rendered":"\n<p class=\"has-text-align-center\">Depuis mon plus jeune \u00e2ge, j\u2019ai toujours pris du plaisir \u00e0 faire des activit\u00e9s cr\u00e9atives et manuelles. Persuad\u00e9e d&rsquo;avoir trouv\u00e9 ma voie, j\u2019ai d\u00e9cid\u00e9 \u00e0 15 ans d\u2019int\u00e9grer une \u00e9cole de bijouterie joaillerie \u00e0 Paris.<\/p>\n\n\n\n<p class=\"has-text-align-center\">J\u2019y ai obtenu un CAP art du bijou et du joyau, un CAP joaillerie puis un BMA brevet des m\u00e9tiers d\u2019art en deux ans.<\/p>\n\n\n\n<p class=\"has-text-align-center\">N&rsquo;ayant pas r\u00e9ellement trouv\u00e9 de poste int\u00e9ressant dans le domaine de la joaillerie apr\u00e8s mes \u00e9tudes, j&rsquo;ai souhait\u00e9 explorer plusieurs environnements professionnels et changer de r\u00e9gions pour faire ma propre exp\u00e9rience de vie.<\/p>\n\n\n\n<p class=\"has-text-align-center\">J&rsquo;ai exerc\u00e9 plusieurs activit\u00e9s tr\u00e8s vari\u00e9es, assistante aupr\u00e8s de v\u00e9t\u00e9rinaires, de la vente, des postes administratifs et commerciaux. Cette palette de m\u00e9tiers diff\u00e9rents m&rsquo;ont apport\u00e9es plusieurs comp\u00e9tences essentielles qui ont aid\u00e9 \u00e0 me construire et devenir qui je suis.<\/p>\n\n\n\n<p class=\"has-text-align-center\">Nous sommes en 2020, la passion de la bijouterie est toujours pr\u00e9sente, je me lance donc dans cette grande aventure en cr\u00e9ant ma soci\u00e9t\u00e9.<\/p>\n\n\n\n<p class=\"has-text-align-center\">Je souhaite aujourd&rsquo;hui revenir \u00e0 ce que je sais faire de mieux, mettre \u00e0 profit le b\u00e9n\u00e9fice de mes dipl\u00f4mes des m\u00e9tiers d&rsquo;art et conjuguer mon int\u00e9r\u00eat pour la lithotherapie: Fabriquer mes propres cr\u00e9ations \u00e0 base de pierre aux vertus \u00e9nerg\u00e9tiques.<\/p>\n\n\n\n<p class=\"has-text-align-center\">J&rsquo;ai d\u00e9couvert tr\u00e8s jeune un don de magn\u00e9tisme que je travaille depuis des ann\u00e9es, je souhaitais partager mon \u00e9nergie pour le bien des autres avec mes cr\u00e9ations.<\/p>\n\n\n\n<p class=\"has-text-align-center\">En effet, tous les \u00e9l\u00e9ments qui nous entourent ont leur propre \u00e9nergie. Les personnes ayant cette sensibilit\u00e9 \u00e9nerg\u00e9tique savent que les pierres b\u00e9n\u00e9ficient de propri\u00e9t\u00e9s diff\u00e9rentes suivant les vari\u00e9t\u00e9s.<\/p>\n\n\n\n<p class=\"has-text-align-center\">Nous avons tous des besoins \u00e9nerg\u00e9tiques diff\u00e9rents et mes cr\u00e9ations n&rsquo;ont en aucun cas de but industriel. <\/p>\n\n\n\n<p class=\"has-text-align-center\">Avant chaque commande, je pratique votre analyse personnalis\u00e9e en toute confidentialit\u00e9 en fonction de vos besoins et s\u00e9lectionne les pierres qui vous correspondent le mieux pour fabriquer \u00e0 la demande votre bijoux unique \u00e0 votre taille.<\/p>\n\n\n\n<p><\/p>\n\n\n\n<div class=\"wp-block-image\"><figure class=\"aligncenter size-large is-resized\"><img loading=\"lazy\" decoding=\"async\" src=\"http:\/\/mineralozen.com\/wp-content\/uploads\/2020\/11\/COLORS-1024x943.jpg\" alt=\"\" class=\"wp-image-215\" width=\"410\" height=\"377\" srcset=\"https:\/\/mineralozen.com\/wp-content\/uploads\/2020\/11\/COLORS-1024x943.jpg 1024w, https:\/\/mineralozen.com\/wp-content\/uploads\/2020\/11\/COLORS-416x383.jpg 416w, https:\/\/mineralozen.com\/wp-content\/uploads\/2020\/11\/COLORS-300x276.jpg 300w, https:\/\/mineralozen.com\/wp-content\/uploads\/2020\/11\/COLORS-768x707.jpg 768w, https:\/\/mineralozen.com\/wp-content\/uploads\/2020\/11\/COLORS-1536x1415.jpg 1536w, https:\/\/mineralozen.com\/wp-content\/uploads\/2020\/11\/COLORS-2048x1886.jpg 2048w\" sizes=\"auto, (max-width: 410px) 100vw, 410px\" \/><\/figure><\/div>\n","protected":false},"excerpt":{"rendered":"<p>Depuis mon plus jeune \u00e2ge, j\u2019ai toujours pris du plaisir \u00e0 faire des activit\u00e9s cr\u00e9atives et manuelles. Persuad\u00e9e d&rsquo;avoir trouv\u00e9 ma voie, j\u2019ai d\u00e9cid\u00e9 \u00e0 15 ans d\u2019int\u00e9grer une \u00e9cole de bijouterie joaillerie \u00e0 Paris. J\u2019y ai obtenu un CAP art du bijou et du joyau, un CAP joaillerie puis un BMA brevet des m\u00e9tiers [&hellip;]<\/p>\n","protected":false},"author":1,"featured_media":0,"parent":0,"menu_order":0,"comment_status":"closed","ping_status":"closed","template":"","meta":{"footnotes":""},"class_list":["post-315","page","type-page","status-publish","hentry"],"jetpack_sharing_enabled":true,"_links":{"self":[{"href":"https:\/\/mineralozen.com\/index.php\/wp-json\/wp\/v2\/pages\/315","targetHints":{"allow":["GET"]}}],"collection":[{"href":"https:\/\/mineralozen.com\/index.php\/wp-json\/wp\/v2\/pages"}],"about":[{"href":"https:\/\/mineralozen.com\/index.php\/wp-json\/wp\/v2\/types\/page"}],"author":[{"embeddable":true,"href":"https:\/\/mineralozen.com\/index.php\/wp-json\/wp\/v2\/users\/1"}],"replies":[{"embeddable":true,"href":"https:\/\/mineralozen.com\/index.php\/wp-json\/wp\/v2\/comments?post=315"}],"version-history":[{"count":5,"href":"https:\/\/mineralozen.com\/index.php\/wp-json\/wp\/v2\/pages\/315\/revisions"}],"predecessor-version":[{"id":332,"href":"https:\/\/mineralozen.com\/index.php\/wp-json\/wp\/v2\/pages\/315\/revisions\/332"}],"wp:attachment":[{"href":"https:\/\/mineralozen.com\/index.php\/wp-json\/wp\/v2\/media?parent=315"}],"curies":[{"name":"wp","href":"https:\/\/api.w.org\/{rel}","templated":true}]}}