{"id":317,"date":"2020-11-20T07:59:34","date_gmt":"2020-11-20T06:59:34","guid":{"rendered":"http:\/\/mineralozen.com\/?page_id=317"},"modified":"2020-12-07T18:34:07","modified_gmt":"2020-12-07T17:34:07","slug":"la-fabrication-des-bijoux","status":"publish","type":"page","link":"https:\/\/mineralozen.com\/index.php\/la-fabrication-des-bijoux\/","title":{"rendered":"La fabrication des bijoux"},"content":{"rendered":"\n<p class=\"has-text-align-center\">Je m\u2019emploie \u00e0 trouver les meilleures pierres pour votre bijou, soit en association de pierre soit en pierre de la m\u00eame vari\u00e9t\u00e9 pour que le r\u00e9sultat soit \u00e0 votre image et qu&rsquo;il soit le plus b\u00e9n\u00e9fique gr\u00e2ce \u00e0 leurs vertus.<\/p>\n\n\n\n<p class=\"has-text-align-center\"> Avant la fabrication de votre commande, les pierres sont nettoy\u00e9es et recharg\u00e9es. <\/p>\n\n\n\n<p class=\"has-text-align-center\">Le bijou est confectionn\u00e9 avec soin et beaucoup de bonnes \u00e9nergies. <\/p>\n\n\n\n<p class=\"has-text-align-center\">Nous portons d&rsquo;attention aux choix de nos fournisseurs et de la qualit\u00e9 des pierres. Les perles et fermoirs sont soit en argent soit en acier inoxydable afin de ne pas provoquer d&rsquo;allergies.<\/p>\n\n\n\n<p class=\"has-text-align-center\">Chaque bijou est livr\u00e9 dans une belle pochette, accompagn\u00e9 d&rsquo;une fiche explicative personnalis\u00e9 en fonction de la ou des pierres utilis\u00e9e(s), id\u00e9al pour faire ou se faire plaisir. <\/p>\n\n\n\n<p class=\"has-text-align-center\">En souhaitant qu\u2019ils vous plaisent et qu\u2019ils vous apportent tous leurs bienfaits !<\/p>\n\n\n\n<div class=\"wp-block-image\"><figure class=\"aligncenter size-large is-resized\"><img loading=\"lazy\" decoding=\"async\" src=\"http:\/\/mineralozen.com\/wp-content\/uploads\/2020\/11\/COLORS-1024x943.jpg\" alt=\"\" class=\"wp-image-215\" width=\"325\" height=\"298\" srcset=\"https:\/\/mineralozen.com\/wp-content\/uploads\/2020\/11\/COLORS-1024x943.jpg 1024w, https:\/\/mineralozen.com\/wp-content\/uploads\/2020\/11\/COLORS-416x383.jpg 416w, https:\/\/mineralozen.com\/wp-content\/uploads\/2020\/11\/COLORS-300x276.jpg 300w, https:\/\/mineralozen.com\/wp-content\/uploads\/2020\/11\/COLORS-768x707.jpg 768w, https:\/\/mineralozen.com\/wp-content\/uploads\/2020\/11\/COLORS-1536x1415.jpg 1536w, https:\/\/mineralozen.com\/wp-content\/uploads\/2020\/11\/COLORS-2048x1886.jpg 2048w\" sizes=\"auto, (max-width: 325px) 100vw, 325px\" \/><\/figure><\/div>\n","protected":false},"excerpt":{"rendered":"<p>Je m\u2019emploie \u00e0 trouver les meilleures pierres pour votre bijou, soit en association de pierre soit en pierre de la m\u00eame vari\u00e9t\u00e9 pour que le r\u00e9sultat soit \u00e0 votre image et qu&rsquo;il soit le plus b\u00e9n\u00e9fique gr\u00e2ce \u00e0 leurs vertus. Avant la fabrication de votre commande, les pierres sont nettoy\u00e9es et recharg\u00e9es. Le bijou est [&hellip;]<\/p>\n","protected":false},"author":1,"featured_media":0,"parent":0,"menu_order":0,"comment_status":"closed","ping_status":"closed","template":"","meta":{"footnotes":""},"class_list":["post-317","page","type-page","status-publish","hentry"],"jetpack_sharing_enabled":true,"_links":{"self":[{"href":"https:\/\/mineralozen.com\/index.php\/wp-json\/wp\/v2\/pages\/317","targetHints":{"allow":["GET"]}}],"collection":[{"href":"https:\/\/mineralozen.com\/index.php\/wp-json\/wp\/v2\/pages"}],"about":[{"href":"https:\/\/mineralozen.com\/index.php\/wp-json\/wp\/v2\/types\/page"}],"author":[{"embeddable":true,"href":"https:\/\/mineralozen.com\/index.php\/wp-json\/wp\/v2\/users\/1"}],"replies":[{"embeddable":true,"href":"https:\/\/mineralozen.com\/index.php\/wp-json\/wp\/v2\/comments?post=317"}],"version-history":[{"count":2,"href":"https:\/\/mineralozen.com\/index.php\/wp-json\/wp\/v2\/pages\/317\/revisions"}],"predecessor-version":[{"id":335,"href":"https:\/\/mineralozen.com\/index.php\/wp-json\/wp\/v2\/pages\/317\/revisions\/335"}],"wp:attachment":[{"href":"https:\/\/mineralozen.com\/index.php\/wp-json\/wp\/v2\/media?parent=317"}],"curies":[{"name":"wp","href":"https:\/\/api.w.org\/{rel}","templated":true}]}}