{"id":4846,"date":"2025-03-07T12:36:05","date_gmt":"2025-03-07T11:36:05","guid":{"rendered":"https:\/\/mineralozen.com\/index.php\/booking-page\/"},"modified":"2025-03-12T16:24:30","modified_gmt":"2025-03-12T15:24:30","slug":"reservationrendezvous","status":"publish","type":"page","link":"https:\/\/mineralozen.com\/index.php\/reservationrendezvous\/","title":{"rendered":"RESERVATION"},"content":{"rendered":"<div class=\"wp-block-image\">\n<figure class=\"aligncenter size-large\"><img loading=\"lazy\" decoding=\"async\" width=\"1024\" height=\"298\" src=\"http:\/\/mineralozen.com\/wp-content\/uploads\/2020\/11\/cropped-COLORSSITE-1-1024x298.png\" alt=\"\" class=\"wp-image-73\" srcset=\"https:\/\/mineralozen.com\/wp-content\/uploads\/2020\/11\/cropped-COLORSSITE-1-1024x298.png 1024w, https:\/\/mineralozen.com\/wp-content\/uploads\/2020\/11\/cropped-COLORSSITE-1-416x121.png 416w, https:\/\/mineralozen.com\/wp-content\/uploads\/2020\/11\/cropped-COLORSSITE-1-300x87.png 300w, https:\/\/mineralozen.com\/wp-content\/uploads\/2020\/11\/cropped-COLORSSITE-1-768x223.png 768w, https:\/\/mineralozen.com\/wp-content\/uploads\/2020\/11\/cropped-COLORSSITE-1-1536x447.png 1536w, https:\/\/mineralozen.com\/wp-content\/uploads\/2020\/11\/cropped-COLORSSITE-1.png 1950w\" sizes=\"auto, (max-width: 1024px) 100vw, 1024px\" \/><\/figure><\/div>\n\n\n<p class=\"has-text-align-center has-large-font-size\">R\u00e9servation rendez-vous<\/p>\n\n\n\n<h2 class=\"wp-block-heading has-text-align-center has-huge-font-size\"><strong>Soin Lithoth\u00e9rapie et Energ\u00e9tique <\/strong><\/h2>\n\n\n\n<p class=\"has-text-align-center has-huge-font-size\"><strong>ou s\u00e9ance Tirage Oracle et Pendule<\/strong><\/p>\n\n\n<button class=\"wappointment_widget\" style=\"display:none\" data-auto-open=\"1\" data-popup=\"1\" data-week=\"1\" data-button-title=\"R\u00e9servation\">R\u00e9servation<\/button>\n\n\n\n<p><\/p>\n\n\n\n<p><\/p>\n\n\n\n<h2 class=\"wp-block-heading has-text-align-center has-medium-font-size\"><strong>Le rendez vous sera confirm\u00e9 lorsque que le paiement sera effectu\u00e9. <\/strong><\/h2>\n\n\n\n<p class=\"has-text-align-center has-medium-font-size\">Cliquez sur le lien ci dessous pour r\u00e9gler votre s\u00e9ances<\/p>\n\n\n\n<p><\/p>\n\n\n\n<div class=\"wp-block-buttons is-content-justification-center is-layout-flex wp-container-core-buttons-is-layout-a89b3969 wp-block-buttons-is-layout-flex\">\n<div class=\"wp-block-button has-custom-width wp-block-button__width-100\"><a class=\"wp-block-button__link wp-element-button\" href=\"https:\/\/mineralozen.com\/index.php\/categorie-produit\/seances\/\"><strong>SEANCES<\/strong><\/a><\/div>\n<\/div>\n\n\n\n<p><\/p>\n","protected":false},"excerpt":{"rendered":"<p>R\u00e9servation rendez-vous Soin Lithoth\u00e9rapie et Energ\u00e9tique ou s\u00e9ance Tirage Oracle et Pendule Le rendez vous sera confirm\u00e9 lorsque que le paiement sera effectu\u00e9. Cliquez sur le lien ci dessous pour r\u00e9gler votre s\u00e9ances<\/p>\n","protected":false},"author":1,"featured_media":0,"parent":0,"menu_order":0,"comment_status":"closed","ping_status":"closed","template":"","meta":{"footnotes":""},"class_list":["post-4846","page","type-page","status-publish","hentry"],"jetpack_sharing_enabled":true,"_links":{"self":[{"href":"https:\/\/mineralozen.com\/index.php\/wp-json\/wp\/v2\/pages\/4846","targetHints":{"allow":["GET"]}}],"collection":[{"href":"https:\/\/mineralozen.com\/index.php\/wp-json\/wp\/v2\/pages"}],"about":[{"href":"https:\/\/mineralozen.com\/index.php\/wp-json\/wp\/v2\/types\/page"}],"author":[{"embeddable":true,"href":"https:\/\/mineralozen.com\/index.php\/wp-json\/wp\/v2\/users\/1"}],"replies":[{"embeddable":true,"href":"https:\/\/mineralozen.com\/index.php\/wp-json\/wp\/v2\/comments?post=4846"}],"version-history":[{"count":5,"href":"https:\/\/mineralozen.com\/index.php\/wp-json\/wp\/v2\/pages\/4846\/revisions"}],"predecessor-version":[{"id":5028,"href":"https:\/\/mineralozen.com\/index.php\/wp-json\/wp\/v2\/pages\/4846\/revisions\/5028"}],"wp:attachment":[{"href":"https:\/\/mineralozen.com\/index.php\/wp-json\/wp\/v2\/media?parent=4846"}],"curies":[{"name":"wp","href":"https:\/\/api.w.org\/{rel}","templated":true}]}}