{"id":98,"date":"2020-11-14T19:44:38","date_gmt":"2020-11-14T18:44:38","guid":{"rendered":"http:\/\/mineralozen.com\/index.php\/page-daccueil-2\/"},"modified":"2025-03-12T17:19:23","modified_gmt":"2025-03-12T16:19:23","slug":"page-daccueil-2","status":"publish","type":"page","link":"https:\/\/mineralozen.com\/","title":{"rendered":"Accueil"},"content":{"rendered":"<div class=\"wp-block-image\">\n<figure class=\"aligncenter size-large\"><img loading=\"lazy\" decoding=\"async\" width=\"899\" height=\"1024\" src=\"https:\/\/mineralozen.com\/wp-content\/uploads\/2025\/03\/page-acceuil-2025-899x1024.jpg\" alt=\"\" class=\"wp-image-4946\" srcset=\"https:\/\/mineralozen.com\/wp-content\/uploads\/2025\/03\/page-acceuil-2025-899x1024.jpg 899w, https:\/\/mineralozen.com\/wp-content\/uploads\/2025\/03\/page-acceuil-2025-263x300.jpg 263w, https:\/\/mineralozen.com\/wp-content\/uploads\/2025\/03\/page-acceuil-2025-768x875.jpg 768w, https:\/\/mineralozen.com\/wp-content\/uploads\/2025\/03\/page-acceuil-2025-1348x1536.jpg 1348w, https:\/\/mineralozen.com\/wp-content\/uploads\/2025\/03\/page-acceuil-2025-1797x2048.jpg 1797w, https:\/\/mineralozen.com\/wp-content\/uploads\/2025\/03\/page-acceuil-2025-416x474.jpg 416w, https:\/\/mineralozen.com\/wp-content\/uploads\/2025\/03\/page-acceuil-2025-53x60.jpg 53w, https:\/\/mineralozen.com\/wp-content\/uploads\/2025\/03\/page-acceuil-2025-79x90.jpg 79w\" sizes=\"auto, (max-width: 899px) 100vw, 899px\" \/><\/figure><\/div>\n\n<div data-block-name=\"woocommerce\/featured-product\" data-edit-mode=\"false\" data-product-id=\"1223\" class=\"wc-block-featured-product alignnone has-background-dim wp-block-woocommerce-featured-product\" style=\"min-height:500px;\"><div class=\"wc-block-featured-product__wrapper\"><div class=\"background-dim__overlay\" style=\"background-color: #000000\"><\/div><img decoding=\"async\" alt=\"Bracelet Chemin de Vie + \u00e9nerg\u00e9tique\" class=\"wc-block-featured-product__background-image\" src=\"https:\/\/mineralozen.com\/wp-content\/uploads\/2022\/07\/CDV-APATITE-879x1024.jpg\" style=\"object-fit: none;object-position: 50% 50%;\" \/><h2 class=\"wc-block-featured-product__title\">Bracelet Chemin de Vie + \u00e9nerg\u00e9tique<\/h2><div class=\"wc-block-featured-product__description\"><p>Bracelet chemin de vie en pierres naturelles et argent<\/p>\n<\/div><div class=\"wc-block-featured-product__price\"><span class=\"woocommerce-Price-amount amount\"><span class=\"woocommerce-Price-currencySymbol\">&euro;<\/span>70,00<\/span><\/div><div class=\"wc-block-featured-product__inner-blocks\">\n\n<div class=\"wp-block-buttons is-layout-flex wp-block-buttons-is-layout-flex\">\n<div class=\"wp-block-button aligncenter\"><a class=\"wp-block-button__link wp-element-button\" href=\"http:\/\/mineralozen.com\/index.php\/produit\/bracelet-chemin-de-vie-energetique\/\">Acheter maintenant<\/a><\/div>\n<\/div>\n\n<\/div><\/div><\/div>\n\n<div data-block-name=\"woocommerce\/featured-product\" data-edit-mode=\"false\" data-product-id=\"4850\" class=\"wc-block-featured-product alignnone has-background-dim wp-block-woocommerce-featured-product\" style=\"min-height:500px;\"><div class=\"wc-block-featured-product__wrapper\"><div class=\"background-dim__overlay\" style=\"background-color: #000000\"><\/div><img decoding=\"async\" alt=\"SOIN LITHOTHERAPIE ET ENERGETIQUE\" class=\"wc-block-featured-product__background-image\" src=\"https:\/\/mineralozen.com\/wp-content\/uploads\/2020\/11\/COLORS-1024x943.png\" style=\"object-fit: none;object-position: 50% 50%;\" \/><h2 class=\"wc-block-featured-product__title\">SOIN LITHOTHERAPIE ET ENERGETIQUE<\/h2><div class=\"wc-block-featured-product__description\"><h3 class=\"p1\" style=\"text-align: center\"><span class=\"s1\"><b>Soin Lithoth\u00e9rapie et \u00e9nerg\u00e9tique<\/b><\/span><\/h3>\n<p class=\"p3\" style=\"text-align: center\"><span class=\"s1\">Les soins Lithoth\u00e9pie et \u00e9nerg\u00e9tique permettent une meilleur harmonie dans votre corps et esprit.<\/span><\/p>\n<p style=\"text-align: center\">R\u00e9\u00e9quilibrage des chakras et augmentation du niveaux \u00e9nerg\u00e9tique.<\/p>\n<p>&nbsp;<br \/>\n&lt;p c&#8230;<\/p>\n<\/div><div class=\"wc-block-featured-product__price\"><span class=\"woocommerce-Price-amount amount\"><span class=\"woocommerce-Price-currencySymbol\">&euro;<\/span>70,00<\/span><\/div><div class=\"wc-block-featured-product__inner-blocks\">\n\n<div class=\"wp-block-buttons is-layout-flex wp-block-buttons-is-layout-flex\">\n<div class=\"wp-block-button aligncenter\"><a class=\"wp-block-button__link wp-element-button\" href=\"https:\/\/mineralozen.com\/index.php\/produit\/soin-lithotherapie-energetique\/\">Acheter maintenant<\/a><\/div>\n<\/div>\n\n<\/div><\/div><\/div>\n\n\n<p><\/p>\n\n\n\n<div class=\"wp-block-buttons is-content-justification-center is-layout-flex wp-container-core-buttons-is-layout-a89b3969 wp-block-buttons-is-layout-flex\">\n<div class=\"wp-block-button has-custom-font-size is-style-outline has-large-font-size is-style-outline--1\"><a class=\"wp-block-button__link has-blush-light-purple-gradient-background has-background has-text-align-center wp-element-button\" href=\"https:\/\/mineralozen.com\/index.php\/reservationrendezvous\/\">ACCES PLANNING RESERVATION SOIN LITHOTHERAPIE ET ENERGETIQUE \/ TIRAGE ORACLE \/ PENDULE<\/a><\/div>\n<\/div>\n\n\n<div data-block-name=\"woocommerce\/featured-product\" data-edit-mode=\"false\" data-media-id=\"215\" data-media-src=\"http:\/\/mineralozen.com\/wp-content\/uploads\/2020\/11\/COLORS-scaled.jpg\" data-product-id=\"121\" class=\"wc-block-featured-product alignnone has-background-dim wp-block-woocommerce-featured-product\" style=\"min-height:500px;\"><div class=\"wc-block-featured-product__wrapper\"><div class=\"background-dim__overlay\" style=\"background-color: #000000\"><\/div><img decoding=\"async\" alt=\"Etude bijou personnalis\u00e9\" class=\"wc-block-featured-product__background-image\" src=\"https:\/\/mineralozen.com\/wp-content\/uploads\/2020\/11\/COLORS-1024x943.jpg\" style=\"object-fit: none;object-position: 50% 50%;\" \/><h2 class=\"wc-block-featured-product__title\">Etude bijou personnalis\u00e9<\/h2><div class=\"wc-block-featured-product__description\"><h3><strong>Etude personnalis\u00e9 pour la cr\u00e9ation de votre bijou \u00e9nerg\u00e9tique.<\/strong><\/h3>\n<p>T\u00e9l\u00e9charger le formulaire et renvoyez le nous par mail. Nous vous enverrons plusieurs propositions de pierres personnalis\u00e9 \u00e0 vos besoins.<\/p>\n<p>Le montant de cette \u00e9tude servira d&rsquo;acompte et sera d\u00e9duit du prix de votre bijoux.<\/p>\n<\/div><div class=\"wc-block-featured-product__price\"><span class=\"woocommerce-Price-amount amount\"><span class=\"woocommerce-Price-currencySymbol\">&euro;<\/span>5,00<\/span><\/div><div class=\"wc-block-featured-product__inner-blocks\">\n\n<div class=\"wp-block-buttons is-layout-flex wp-block-buttons-is-layout-flex\">\n<div class=\"wp-block-button aligncenter\"><a class=\"wp-block-button__link wp-element-button\" href=\"http:\/\/mineralozen.com\/index.php\/produit\/etude-bijou-personnalise\/\">Acheter maintenant<\/a><\/div>\n<\/div>\n\n<\/div><\/div><\/div>\n\n<div data-block-name=\"woocommerce\/product-new\" class=\"wc-block-grid wp-block-product-new wp-block-woocommerce-product-new wc-block-product-new has-3-columns has-multiple-rows\"><ul class=\"wc-block-grid__products\"><li class=\"wc-block-grid__product\">\n\t\t\t\t<a href=\"https:\/\/mineralozen.com\/index.php\/produit\/soin-lithotherapie-energetique\/\" class=\"wc-block-grid__product-link\">\n\t\t\t\t\t\n\t\t\t\t\t<div class=\"wc-block-grid__product-image\"><img loading=\"lazy\" decoding=\"async\" width=\"324\" height=\"324\" src=\"https:\/\/mineralozen.com\/wp-content\/uploads\/2020\/11\/COLORS-324x324.png\" class=\"attachment-woocommerce_thumbnail size-woocommerce_thumbnail\" alt=\"SOIN LITHOTHERAPIE ET ENERGETIQUE\" srcset=\"https:\/\/mineralozen.com\/wp-content\/uploads\/2020\/11\/COLORS-324x324.png 324w, https:\/\/mineralozen.com\/wp-content\/uploads\/2020\/11\/COLORS-100x100.png 100w, https:\/\/mineralozen.com\/wp-content\/uploads\/2020\/11\/COLORS-150x150.png 150w\" sizes=\"auto, (max-width: 324px) 100vw, 324px\" \/><\/div>\n\t\t\t\t\t<div class=\"wc-block-grid__product-title\">SOIN LITHOTHERAPIE ET ENERGETIQUE<\/div>\n\t\t\t\t<\/a>\n\t\t\t\t<div class=\"wc-block-grid__product-price price\"><span class=\"woocommerce-Price-amount amount\"><span class=\"woocommerce-Price-currencySymbol\">&euro;<\/span>70,00<\/span><\/div>\n\t\t\t\t\n\t\t\t\t<div class=\"wp-block-button wc-block-grid__product-add-to-cart\"><a href=\"\/index.php\/wp-json\/wp\/v2\/pages\/98?add-to-cart=4850\" aria-label=\"Ajouter au panier\u00a0: &ldquo;SOIN LITHOTHERAPIE ET ENERGETIQUE&rdquo;\" data-quantity=\"1\" data-product_id=\"4850\" data-product_sku=\"\" data-price=\"70\" rel=\"nofollow\" class=\"wp-block-button__link  add_to_cart_button ajax_add_to_cart\">Ajouter au panier<\/a><\/div>\n\t\t\t<\/li><li class=\"wc-block-grid__product\">\n\t\t\t\t<a href=\"https:\/\/mineralozen.com\/index.php\/produit\/collier-porte-pierre\/\" class=\"wc-block-grid__product-link\">\n\t\t\t\t\t\n\t\t\t\t\t<div class=\"wc-block-grid__product-image\"><img loading=\"lazy\" decoding=\"async\" width=\"324\" height=\"324\" src=\"https:\/\/mineralozen.com\/wp-content\/uploads\/2024\/03\/Vert-malachite-scaled-324x324.jpg\" class=\"attachment-woocommerce_thumbnail size-woocommerce_thumbnail\" alt=\"Collier porte pierre\" srcset=\"https:\/\/mineralozen.com\/wp-content\/uploads\/2024\/03\/Vert-malachite-scaled-324x324.jpg 324w, https:\/\/mineralozen.com\/wp-content\/uploads\/2024\/03\/Vert-malachite-scaled-100x100.jpg 100w, https:\/\/mineralozen.com\/wp-content\/uploads\/2024\/03\/Vert-malachite-150x150.jpg 150w\" sizes=\"auto, (max-width: 324px) 100vw, 324px\" \/><\/div>\n\t\t\t\t\t<div class=\"wc-block-grid__product-title\">Collier porte pierre<\/div>\n\t\t\t\t<\/a>\n\t\t\t\t<div class=\"wc-block-grid__product-price price\"><span class=\"woocommerce-Price-amount amount\" aria-hidden=\"true\"><span class=\"woocommerce-Price-currencySymbol\">&euro;<\/span>25,00<\/span> <span aria-hidden=\"true\">\u00a0\u2013\u00a0<\/span> <span class=\"woocommerce-Price-amount amount\" aria-hidden=\"true\"><span class=\"woocommerce-Price-currencySymbol\">&euro;<\/span>31,00<\/span><span class=\"screen-reader-text\">Plage de prix\u00a0: &euro;25,00 \u00e0 &euro;31,00<\/span><\/div>\n\t\t\t\t\n\t\t\t\t<div class=\"wp-block-button wc-block-grid__product-add-to-cart\"><a href=\"https:\/\/mineralozen.com\/index.php\/produit\/collier-porte-pierre\/\" aria-label=\"S\u00e9lectionner les options pour &ldquo;Collier porte pierre&rdquo;\" data-quantity=\"1\" data-product_id=\"2967\" data-product_sku=\"\" data-price=\"25\" rel=\"nofollow\" class=\"wp-block-button__link  add_to_cart_button\">Choix des options<\/a><\/div>\n\t\t\t<\/li><li class=\"wc-block-grid__product\">\n\t\t\t\t<a href=\"https:\/\/mineralozen.com\/index.php\/produit\/collier-porte-pierre-fils\/\" class=\"wc-block-grid__product-link\">\n\t\t\t\t\t\n\t\t\t\t\t<div class=\"wc-block-grid__product-image\"><img loading=\"lazy\" decoding=\"async\" width=\"324\" height=\"324\" src=\"https:\/\/mineralozen.com\/wp-content\/uploads\/2024\/03\/IMG_6143-scaled-324x324.jpg\" class=\"attachment-woocommerce_thumbnail size-woocommerce_thumbnail\" alt=\"Collier porte pierre en fils\" srcset=\"https:\/\/mineralozen.com\/wp-content\/uploads\/2024\/03\/IMG_6143-scaled-324x324.jpg 324w, https:\/\/mineralozen.com\/wp-content\/uploads\/2024\/03\/IMG_6143-scaled-100x100.jpg 100w, https:\/\/mineralozen.com\/wp-content\/uploads\/2024\/03\/IMG_6143-150x150.jpg 150w\" sizes=\"auto, (max-width: 324px) 100vw, 324px\" \/><\/div>\n\t\t\t\t\t<div class=\"wc-block-grid__product-title\">Collier porte pierre en fils<\/div>\n\t\t\t\t<\/a>\n\t\t\t\t<div class=\"wc-block-grid__product-price price\"><span class=\"woocommerce-Price-amount amount\"><span class=\"woocommerce-Price-currencySymbol\">&euro;<\/span>20,00<\/span><\/div>\n\t\t\t\t\n\t\t\t\t<div class=\"wp-block-button wc-block-grid__product-add-to-cart\"><a href=\"https:\/\/mineralozen.com\/index.php\/produit\/collier-porte-pierre-fils\/\" aria-label=\"S\u00e9lectionner les options pour &ldquo;Collier porte pierre en fils&rdquo;\" data-quantity=\"1\" data-product_id=\"3091\" data-product_sku=\"\" data-price=\"20\" rel=\"nofollow\" class=\"wp-block-button__link  add_to_cart_button\">Choix des options<\/a><\/div>\n\t\t\t<\/li><li class=\"wc-block-grid__product\">\n\t\t\t\t<a href=\"https:\/\/mineralozen.com\/index.php\/produit\/collier-porte-pierre-roulee-en-argent-925\/\" class=\"wc-block-grid__product-link\">\n\t\t\t\t\t\n\t\t\t\t\t<div class=\"wc-block-grid__product-image\"><img loading=\"lazy\" decoding=\"async\" width=\"324\" height=\"324\" src=\"https:\/\/mineralozen.com\/wp-content\/uploads\/2024\/03\/IMG_6071-scaled-324x324.jpg\" class=\"attachment-woocommerce_thumbnail size-woocommerce_thumbnail\" alt=\"Jade\" srcset=\"https:\/\/mineralozen.com\/wp-content\/uploads\/2024\/03\/IMG_6071-scaled-324x324.jpg 324w, https:\/\/mineralozen.com\/wp-content\/uploads\/2024\/03\/IMG_6071-scaled-100x100.jpg 100w, https:\/\/mineralozen.com\/wp-content\/uploads\/2024\/03\/IMG_6071-150x150.jpg 150w\" sizes=\"auto, (max-width: 324px) 100vw, 324px\" \/><\/div>\n\t\t\t\t\t<div class=\"wc-block-grid__product-title\">Collier porte pierre roul\u00e9e en argent 925<\/div>\n\t\t\t\t<\/a>\n\t\t\t\t<div class=\"wc-block-grid__product-price price\"><span class=\"woocommerce-Price-amount amount\" aria-hidden=\"true\"><span class=\"woocommerce-Price-currencySymbol\">&euro;<\/span>60,00<\/span> <span aria-hidden=\"true\">\u00a0\u2013\u00a0<\/span> <span class=\"woocommerce-Price-amount amount\" aria-hidden=\"true\"><span class=\"woocommerce-Price-currencySymbol\">&euro;<\/span>71,00<\/span><span class=\"screen-reader-text\">Plage de prix\u00a0: &euro;60,00 \u00e0 &euro;71,00<\/span><\/div>\n\t\t\t\t\n\t\t\t\t<div class=\"wp-block-button wc-block-grid__product-add-to-cart\"><a href=\"https:\/\/mineralozen.com\/index.php\/produit\/collier-porte-pierre-roulee-en-argent-925\/\" aria-label=\"S\u00e9lectionner les options pour &ldquo;Collier porte pierre roul\u00e9e en argent 925&rdquo;\" data-quantity=\"1\" data-product_id=\"2992\" data-product_sku=\"\" data-price=\"60\" rel=\"nofollow\" class=\"wp-block-button__link  add_to_cart_button\">Choix des options<\/a><\/div>\n\t\t\t<\/li><li class=\"wc-block-grid__product\">\n\t\t\t\t<a href=\"https:\/\/mineralozen.com\/index.php\/produit\/pierres-roulees\/\" class=\"wc-block-grid__product-link\">\n\t\t\t\t\t\n\t\t\t\t\t<div class=\"wc-block-grid__product-image\"><img loading=\"lazy\" decoding=\"async\" width=\"324\" height=\"324\" src=\"https:\/\/mineralozen.com\/wp-content\/uploads\/2024\/03\/CFEA8392-9FBC-44EF-A5BE-22F2C63C42B2-324x324.jpg\" class=\"attachment-woocommerce_thumbnail size-woocommerce_thumbnail\" alt=\"Pierres roul\u00e9es\" srcset=\"https:\/\/mineralozen.com\/wp-content\/uploads\/2024\/03\/CFEA8392-9FBC-44EF-A5BE-22F2C63C42B2-324x324.jpg 324w, https:\/\/mineralozen.com\/wp-content\/uploads\/2024\/03\/CFEA8392-9FBC-44EF-A5BE-22F2C63C42B2-100x100.jpg 100w, https:\/\/mineralozen.com\/wp-content\/uploads\/2024\/03\/CFEA8392-9FBC-44EF-A5BE-22F2C63C42B2-416x416.jpg 416w, https:\/\/mineralozen.com\/wp-content\/uploads\/2024\/03\/CFEA8392-9FBC-44EF-A5BE-22F2C63C42B2-300x300.jpg 300w, https:\/\/mineralozen.com\/wp-content\/uploads\/2024\/03\/CFEA8392-9FBC-44EF-A5BE-22F2C63C42B2-1024x1024.jpg 1024w, https:\/\/mineralozen.com\/wp-content\/uploads\/2024\/03\/CFEA8392-9FBC-44EF-A5BE-22F2C63C42B2-150x150.jpg 150w, https:\/\/mineralozen.com\/wp-content\/uploads\/2024\/03\/CFEA8392-9FBC-44EF-A5BE-22F2C63C42B2-768x768.jpg 768w, https:\/\/mineralozen.com\/wp-content\/uploads\/2024\/03\/CFEA8392-9FBC-44EF-A5BE-22F2C63C42B2-1536x1536.jpg 1536w, https:\/\/mineralozen.com\/wp-content\/uploads\/2024\/03\/CFEA8392-9FBC-44EF-A5BE-22F2C63C42B2-60x60.jpg 60w, https:\/\/mineralozen.com\/wp-content\/uploads\/2024\/03\/CFEA8392-9FBC-44EF-A5BE-22F2C63C42B2-90x90.jpg 90w, https:\/\/mineralozen.com\/wp-content\/uploads\/2024\/03\/CFEA8392-9FBC-44EF-A5BE-22F2C63C42B2.jpg 2048w\" sizes=\"auto, (max-width: 324px) 100vw, 324px\" \/><\/div>\n\t\t\t\t\t<div class=\"wc-block-grid__product-title\">Pierres roul\u00e9es<\/div>\n\t\t\t\t<\/a>\n\t\t\t\t<div class=\"wc-block-grid__product-price price\"><span class=\"woocommerce-Price-amount amount\" aria-hidden=\"true\"><span class=\"woocommerce-Price-currencySymbol\">&euro;<\/span>5,00<\/span> <span aria-hidden=\"true\">\u00a0\u2013\u00a0<\/span> <span class=\"woocommerce-Price-amount amount\" aria-hidden=\"true\"><span class=\"woocommerce-Price-currencySymbol\">&euro;<\/span>11,00<\/span><span class=\"screen-reader-text\">Plage de prix\u00a0: &euro;5,00 \u00e0 &euro;11,00<\/span><\/div>\n\t\t\t\t\n\t\t\t\t<div class=\"wp-block-button wc-block-grid__product-add-to-cart\"><a href=\"https:\/\/mineralozen.com\/index.php\/produit\/pierres-roulees\/\" aria-label=\"S\u00e9lectionner les options pour &ldquo;Pierres roul\u00e9es&rdquo;\" data-quantity=\"1\" data-product_id=\"2909\" data-product_sku=\"\" data-price=\"5\" rel=\"nofollow\" class=\"wp-block-button__link  add_to_cart_button\">Choix des options<\/a><\/div>\n\t\t\t<\/li><li class=\"wc-block-grid__product\">\n\t\t\t\t<a href=\"https:\/\/mineralozen.com\/index.php\/produit\/bracelet-chemin-de-vie-sur-fil-de-soie\/\" class=\"wc-block-grid__product-link\">\n\t\t\t\t\t\n\t\t\t\t\t<div class=\"wc-block-grid__product-image\"><img loading=\"lazy\" decoding=\"async\" width=\"324\" height=\"324\" src=\"https:\/\/mineralozen.com\/wp-content\/uploads\/2025\/03\/cropped-logocentre-1-324x324.png\" class=\"attachment-woocommerce_thumbnail size-woocommerce_thumbnail\" alt=\"Bracelet Chemin de Vie sur fil de soie\" srcset=\"https:\/\/mineralozen.com\/wp-content\/uploads\/2025\/03\/cropped-logocentre-1-324x324.png 324w, https:\/\/mineralozen.com\/wp-content\/uploads\/2025\/03\/cropped-logocentre-1-100x100.png 100w, https:\/\/mineralozen.com\/wp-content\/uploads\/2025\/03\/cropped-logocentre-1-150x150.png 150w\" sizes=\"auto, (max-width: 324px) 100vw, 324px\" \/><\/div>\n\t\t\t\t\t<div class=\"wc-block-grid__product-title\">Bracelet Chemin de Vie sur fil de soie<\/div>\n\t\t\t\t<\/a>\n\t\t\t\t<div class=\"wc-block-grid__product-price price\"><span class=\"woocommerce-Price-amount amount\"><span class=\"woocommerce-Price-currencySymbol\">&euro;<\/span>40,00<\/span><\/div>\n\t\t\t\t\n\t\t\t\t<div class=\"wp-block-button wc-block-grid__product-add-to-cart\"><a href=\"\/index.php\/wp-json\/wp\/v2\/pages\/98?add-to-cart=2860\" aria-label=\"Ajouter au panier\u00a0: &ldquo;Bracelet Chemin de Vie sur fil de soie&rdquo;\" data-quantity=\"1\" data-product_id=\"2860\" data-product_sku=\"55-2\" data-price=\"40\" rel=\"nofollow\" class=\"wp-block-button__link  add_to_cart_button ajax_add_to_cart\">Ajouter au panier<\/a><\/div>\n\t\t\t<\/li><li class=\"wc-block-grid__product\">\n\t\t\t\t<a href=\"https:\/\/mineralozen.com\/index.php\/produit\/tirage-oracles-et-pendule\/\" class=\"wc-block-grid__product-link\">\n\t\t\t\t\t\n\t\t\t\t\t<div class=\"wc-block-grid__product-image\"><img loading=\"lazy\" decoding=\"async\" width=\"324\" height=\"324\" src=\"https:\/\/mineralozen.com\/wp-content\/uploads\/2023\/12\/Pendule-324x324.jpeg\" class=\"attachment-woocommerce_thumbnail size-woocommerce_thumbnail\" alt=\"Tirage Oracles et Pendule\" srcset=\"https:\/\/mineralozen.com\/wp-content\/uploads\/2023\/12\/Pendule-324x324.jpeg 324w, https:\/\/mineralozen.com\/wp-content\/uploads\/2023\/12\/Pendule-100x100.jpeg 100w, https:\/\/mineralozen.com\/wp-content\/uploads\/2023\/12\/Pendule-150x150.jpeg 150w\" sizes=\"auto, (max-width: 324px) 100vw, 324px\" \/><\/div>\n\t\t\t\t\t<div class=\"wc-block-grid__product-title\">Tirage Oracles et Pendule<\/div>\n\t\t\t\t<\/a>\n\t\t\t\t<div class=\"wc-block-grid__product-price price\"><span class=\"woocommerce-Price-amount amount\" aria-hidden=\"true\"><span class=\"woocommerce-Price-currencySymbol\">&euro;<\/span>15,00<\/span> <span aria-hidden=\"true\">\u00a0\u2013\u00a0<\/span> <span class=\"woocommerce-Price-amount amount\" aria-hidden=\"true\"><span class=\"woocommerce-Price-currencySymbol\">&euro;<\/span>70,00<\/span><span class=\"screen-reader-text\">Plage de prix\u00a0: &euro;15,00 \u00e0 &euro;70,00<\/span><\/div>\n\t\t\t\t\n\t\t\t\t<div class=\"wp-block-button wc-block-grid__product-add-to-cart\"><a href=\"https:\/\/mineralozen.com\/index.php\/produit\/tirage-oracles-et-pendule\/\" aria-label=\"S\u00e9lectionner les options pour &ldquo;Tirage Oracles et Pendule&rdquo;\" data-quantity=\"1\" data-product_id=\"2427\" data-product_sku=\"\" data-price=\"15\" rel=\"nofollow\" class=\"wp-block-button__link  add_to_cart_button\">Choix des options<\/a><\/div>\n\t\t\t<\/li><li class=\"wc-block-grid__product\">\n\t\t\t\t<a href=\"https:\/\/mineralozen.com\/index.php\/produit\/bracelet-en-pierres-naturelles-sur-fils-de-soie\/\" class=\"wc-block-grid__product-link\">\n\t\t\t\t\t\n\t\t\t\t\t<div class=\"wc-block-grid__product-image\"><img loading=\"lazy\" decoding=\"async\" width=\"324\" height=\"324\" src=\"https:\/\/mineralozen.com\/wp-content\/uploads\/2023\/12\/Bracelet-fils-de-soie-324x324.jpeg\" class=\"attachment-woocommerce_thumbnail size-woocommerce_thumbnail\" alt=\"Bracelet en pierres naturelles sur fils de soie\" srcset=\"https:\/\/mineralozen.com\/wp-content\/uploads\/2023\/12\/Bracelet-fils-de-soie-324x324.jpeg 324w, https:\/\/mineralozen.com\/wp-content\/uploads\/2023\/12\/Bracelet-fils-de-soie-100x100.jpeg 100w, https:\/\/mineralozen.com\/wp-content\/uploads\/2023\/12\/Bracelet-fils-de-soie-150x150.jpeg 150w\" sizes=\"auto, (max-width: 324px) 100vw, 324px\" \/><\/div>\n\t\t\t\t\t<div class=\"wc-block-grid__product-title\">Bracelet en pierres naturelles sur fils de soie<\/div>\n\t\t\t\t<\/a>\n\t\t\t\t<div class=\"wc-block-grid__product-price price\"><span class=\"woocommerce-Price-amount amount\"><span class=\"woocommerce-Price-currencySymbol\">&euro;<\/span>15,00<\/span><\/div>\n\t\t\t\t\n\t\t\t\t<div class=\"wp-block-button wc-block-grid__product-add-to-cart\"><a href=\"https:\/\/mineralozen.com\/index.php\/produit\/bracelet-en-pierres-naturelles-sur-fils-de-soie\/\" aria-label=\"S\u00e9lectionner les options pour &ldquo;Bracelet en pierres naturelles sur fils de soie&rdquo;\" data-quantity=\"1\" data-product_id=\"2371\" data-product_sku=\"\" data-price=\"15\" rel=\"nofollow\" class=\"wp-block-button__link  add_to_cart_button\">Choix des options<\/a><\/div>\n\t\t\t<\/li><li class=\"wc-block-grid__product\">\n\t\t\t\t<a href=\"https:\/\/mineralozen.com\/index.php\/produit\/boucles-doreilles-collection-mayapur-en-tourmaline\/\" class=\"wc-block-grid__product-link\">\n\t\t\t\t\t\n\t\t\t\t\t<div class=\"wc-block-grid__product-image\"><img loading=\"lazy\" decoding=\"async\" width=\"324\" height=\"324\" src=\"https:\/\/mineralozen.com\/wp-content\/uploads\/2022\/09\/BO-MAYAPUR-Tourmaline-scaled-324x324.jpg\" class=\"attachment-woocommerce_thumbnail size-woocommerce_thumbnail\" alt=\"Boucles d&#039;oreilles collection MAYAPUR en Tourmaline\" srcset=\"https:\/\/mineralozen.com\/wp-content\/uploads\/2022\/09\/BO-MAYAPUR-Tourmaline-324x324.jpg 324w, https:\/\/mineralozen.com\/wp-content\/uploads\/2022\/09\/BO-MAYAPUR-Tourmaline-100x100.jpg 100w, https:\/\/mineralozen.com\/wp-content\/uploads\/2022\/09\/BO-MAYAPUR-Tourmaline-150x150.jpg 150w\" sizes=\"auto, (max-width: 324px) 100vw, 324px\" \/><\/div>\n\t\t\t\t\t<div class=\"wc-block-grid__product-title\">Boucles d&rsquo;oreilles collection MAYAPUR en Tourmaline<\/div>\n\t\t\t\t<\/a>\n\t\t\t\t<div class=\"wc-block-grid__product-price price\"><span class=\"woocommerce-Price-amount amount\"><span class=\"woocommerce-Price-currencySymbol\">&euro;<\/span>30,00<\/span><\/div>\n\t\t\t\t\n\t\t\t\t<div class=\"wp-block-button wc-block-grid__product-add-to-cart\"><a href=\"\/index.php\/wp-json\/wp\/v2\/pages\/98?add-to-cart=1439\" aria-label=\"Ajouter au panier\u00a0: &ldquo;Boucles d&#039;oreilles collection MAYAPUR en Tourmaline&rdquo;\" data-quantity=\"1\" data-product_id=\"1439\" data-product_sku=\"\" data-price=\"30\" rel=\"nofollow\" class=\"wp-block-button__link  add_to_cart_button ajax_add_to_cart\">Ajouter au panier<\/a><\/div>\n\t\t\t<\/li><\/ul><\/div>","protected":false},"excerpt":{"rendered":"","protected":false},"author":1,"featured_media":112,"parent":0,"menu_order":0,"comment_status":"closed","ping_status":"closed","template":"template-fullwidth.php","meta":{"footnotes":""},"class_list":["post-98","page","type-page","status-publish","has-post-thumbnail","hentry"],"jetpack_sharing_enabled":true,"_links":{"self":[{"href":"https:\/\/mineralozen.com\/index.php\/wp-json\/wp\/v2\/pages\/98","targetHints":{"allow":["GET"]}}],"collection":[{"href":"https:\/\/mineralozen.com\/index.php\/wp-json\/wp\/v2\/pages"}],"about":[{"href":"https:\/\/mineralozen.com\/index.php\/wp-json\/wp\/v2\/types\/page"}],"author":[{"embeddable":true,"href":"https:\/\/mineralozen.com\/index.php\/wp-json\/wp\/v2\/users\/1"}],"replies":[{"embeddable":true,"href":"https:\/\/mineralozen.com\/index.php\/wp-json\/wp\/v2\/comments?post=98"}],"version-history":[{"count":24,"href":"https:\/\/mineralozen.com\/index.php\/wp-json\/wp\/v2\/pages\/98\/revisions"}],"predecessor-version":[{"id":5042,"href":"https:\/\/mineralozen.com\/index.php\/wp-json\/wp\/v2\/pages\/98\/revisions\/5042"}],"wp:featuredmedia":[{"embeddable":true,"href":"https:\/\/mineralozen.com\/index.php\/wp-json\/wp\/v2\/media\/112"}],"wp:attachment":[{"href":"https:\/\/mineralozen.com\/index.php\/wp-json\/wp\/v2\/media?parent=98"}],"curies":[{"name":"wp","href":"https:\/\/api.w.org\/{rel}","templated":true}]}}