{"id":1012,"date":"2022-05-08T19:17:34","date_gmt":"2022-05-08T17:17:34","guid":{"rendered":"http:\/\/mineralozen.com\/?post_type=product&#038;p=1012"},"modified":"2024-03-01T17:19:46","modified_gmt":"2024-03-01T16:19:46","slug":"bracelet-collection-gaya-en-labradorite","status":"publish","type":"product","link":"https:\/\/mineralozen.com\/index.php\/produit\/bracelet-collection-gaya-en-labradorite\/","title":{"rendered":"Bracelet collection \u00ab\u00a0Gaya\u00a0\u00bb en Labradorite"},"content":{"rendered":"<h3 style=\"text-align: center;\"><strong>Bracelet collection \u00ab\u00a0Gaya\u00a0\u00bb en Labradorite.<\/strong><\/h3>\n<p style=\"text-align: center;\">Bracelet r\u00e9glable en Labradorite naturelle. Perle de 8 mm mont\u00e9e sur chaine en argent. Fermoir en argent 925.<\/p>\n<p style=\"text-align: center;\"><strong>Pierre du th\u00e9rapeute<\/strong><\/p>\n<p style=\"text-align: center;\">Vertus: La Labradorite aussi appel\u00e9 la pierre du th\u00e9rapeute est une pierre de protection. Elle permet de r\u00e9g\u00e9n\u00e9rer l&rsquo;\u00e9nergie corporelle et absorbe les \u00e9nergies n\u00e9gatives. Elle favorise la clairvoyance. Elle clarifie les pens\u00e9es.<\/p>\n<p style=\"text-align: center;\">Elle aide contre les insomnies, et les douleurs physiques.<\/p>\n<p style=\"text-align: center;\">Elle rebooste pendant les p\u00e9riodes de grande fatigue.<\/p>\n<p style=\"text-align: center;\">Signe astrologique : G\u00e9meaux, Cancer, Sagittaire, Poissons<\/p>\n<p style=\"text-align: center;\">Chakra : Plexus solaire, Coeur, Gorge, 3\u00e8me oeil.<\/p>\n<p style=\"text-align: center;\"><strong>Prix avec autres pierres sur demande.<\/strong><\/p>\n<p style=\"text-align: center;\"><strong>Chaque bijou en argent est livr\u00e9 avec sa boite de rechargement.<\/strong><\/p>\n","protected":false},"excerpt":{"rendered":"<p>Bracelet r\u00e9glable collection \u00ab\u00a0Gaya\u00a0\u00bb en Labradorite naturelle. Perle de 8 mm mont\u00e9e sur chaine en argent. Fermoir en argent 925.<\/p>\n","protected":false},"featured_media":1013,"comment_status":"open","ping_status":"closed","template":"","meta":[],"product_brand":[],"product_cat":[153,15,74],"product_tag":[79,63,80,61,77],"class_list":{"0":"post-1012","1":"product","2":"type-product","3":"status-publish","4":"has-post-thumbnail","6":"product_cat-bijoux","7":"product_cat-non-classe","8":"product_cat-bracelets-gamme-precieuse","9":"product_tag-argent","10":"product_tag-bracelet","11":"product_tag-gaya","12":"product_tag-labradorite","13":"product_tag-lithotherapie","14":"product_shipping_class-colissimo","16":"first","17":"instock","18":"shipping-taxable","19":"purchasable","20":"product-type-simple"},"jetpack_sharing_enabled":true,"_links":{"self":[{"href":"https:\/\/mineralozen.com\/index.php\/wp-json\/wp\/v2\/product\/1012","targetHints":{"allow":["GET"]}}],"collection":[{"href":"https:\/\/mineralozen.com\/index.php\/wp-json\/wp\/v2\/product"}],"about":[{"href":"https:\/\/mineralozen.com\/index.php\/wp-json\/wp\/v2\/types\/product"}],"replies":[{"embeddable":true,"href":"https:\/\/mineralozen.com\/index.php\/wp-json\/wp\/v2\/comments?post=1012"}],"wp:featuredmedia":[{"embeddable":true,"href":"https:\/\/mineralozen.com\/index.php\/wp-json\/wp\/v2\/media\/1013"}],"wp:attachment":[{"href":"https:\/\/mineralozen.com\/index.php\/wp-json\/wp\/v2\/media?parent=1012"}],"wp:term":[{"taxonomy":"product_brand","embeddable":true,"href":"https:\/\/mineralozen.com\/index.php\/wp-json\/wp\/v2\/product_brand?post=1012"},{"taxonomy":"product_cat","embeddable":true,"href":"https:\/\/mineralozen.com\/index.php\/wp-json\/wp\/v2\/product_cat?post=1012"},{"taxonomy":"product_tag","embeddable":true,"href":"https:\/\/mineralozen.com\/index.php\/wp-json\/wp\/v2\/product_tag?post=1012"}],"curies":[{"name":"wp","href":"https:\/\/api.w.org\/{rel}","templated":true}]}}