{"id":1015,"date":"2022-05-08T20:45:10","date_gmt":"2022-05-08T18:45:10","guid":{"rendered":"http:\/\/mineralozen.com\/?post_type=product&#038;p=1015"},"modified":"2024-03-01T17:19:38","modified_gmt":"2024-03-01T16:19:38","slug":"bracelet-collection-gaya-en-pierre-du-soleil","status":"publish","type":"product","link":"https:\/\/mineralozen.com\/index.php\/produit\/bracelet-collection-gaya-en-pierre-du-soleil\/","title":{"rendered":"Bracelet collection \u00ab\u00a0Gaya\u00a0\u00bb en pierre du Soleil"},"content":{"rendered":"<h3 style=\"text-align: center;\"><strong>Bracelet collection \u00ab\u00a0Gaya\u00a0\u00bb en Pierre de Soleil.<\/strong><\/h3>\n<p style=\"text-align: center;\">Bracelet r\u00e9glable en Pierre de Soleil naturelle. Perle de 8 mm mont\u00e9e sur chaine en argent. Fermoir en argent 925.<\/p>\n<p style=\"text-align: center;\">Vertus: La pierre de soleil apporte chance, la vitalit\u00e9, force, \u00e9nergie, et la lumi\u00e8re. Elle aide \u00e0 entrevoir le monde et la vie de mani\u00e8re positive. Elle aide \u00e0 apaiser l&rsquo;esprit et \u00e0 surmonter les peurs. Prot\u00e8ge contre les esprits malins.<\/p>\n<p style=\"text-align: center;\">Elle combat les insomnies. Elle renforce le coeur, stimule les d\u00e9fenses immunitaires, att\u00e9nue les ballonnements et apaise le syst\u00e8me nerveux.<\/p>\n<p style=\"text-align: center;\">Elle soulage les ulc\u00e8res, l&rsquo;intoxication, les rhumatismes,<\/p>\n<p style=\"text-align: center;\">Signe astrologique : B\u00e9lier, Lion Scorpion, Balance<\/p>\n<p style=\"text-align: center;\">Chakra : Plexus solaire, coronal<\/p>\n<p style=\"text-align: center;\"><strong>Prix avec autres pierres sur demande.<\/strong><\/p>\n<p style=\"text-align: center;\"><strong>Chaque bijou en argent est livr\u00e9 avec sa boite de rechargement.<\/strong><\/p>\n<p>&nbsp;<\/p>\n","protected":false},"excerpt":{"rendered":"<p>Bracelet collection \u00ab\u00a0Gaya\u00a0\u00bb r\u00e9glable en Pierre de Soleil naturelle. Perle de 8 mm mont\u00e9e sur chaine en argent. Fermoir en argent 925.<\/p>\n","protected":false},"featured_media":1016,"comment_status":"open","ping_status":"closed","template":"","meta":[],"product_brand":[],"product_cat":[153,15,74],"product_tag":[79,63,80,77,78],"class_list":{"0":"post-1015","1":"product","2":"type-product","3":"status-publish","4":"has-post-thumbnail","6":"product_cat-bijoux","7":"product_cat-non-classe","8":"product_cat-bracelets-gamme-precieuse","9":"product_tag-argent","10":"product_tag-bracelet","11":"product_tag-gaya","12":"product_tag-lithotherapie","13":"product_tag-pierre-de-soleil","14":"product_shipping_class-colissimo","16":"first","17":"instock","18":"shipping-taxable","19":"purchasable","20":"product-type-simple"},"jetpack_sharing_enabled":true,"_links":{"self":[{"href":"https:\/\/mineralozen.com\/index.php\/wp-json\/wp\/v2\/product\/1015","targetHints":{"allow":["GET"]}}],"collection":[{"href":"https:\/\/mineralozen.com\/index.php\/wp-json\/wp\/v2\/product"}],"about":[{"href":"https:\/\/mineralozen.com\/index.php\/wp-json\/wp\/v2\/types\/product"}],"replies":[{"embeddable":true,"href":"https:\/\/mineralozen.com\/index.php\/wp-json\/wp\/v2\/comments?post=1015"}],"wp:featuredmedia":[{"embeddable":true,"href":"https:\/\/mineralozen.com\/index.php\/wp-json\/wp\/v2\/media\/1016"}],"wp:attachment":[{"href":"https:\/\/mineralozen.com\/index.php\/wp-json\/wp\/v2\/media?parent=1015"}],"wp:term":[{"taxonomy":"product_brand","embeddable":true,"href":"https:\/\/mineralozen.com\/index.php\/wp-json\/wp\/v2\/product_brand?post=1015"},{"taxonomy":"product_cat","embeddable":true,"href":"https:\/\/mineralozen.com\/index.php\/wp-json\/wp\/v2\/product_cat?post=1015"},{"taxonomy":"product_tag","embeddable":true,"href":"https:\/\/mineralozen.com\/index.php\/wp-json\/wp\/v2\/product_tag?post=1015"}],"curies":[{"name":"wp","href":"https:\/\/api.w.org\/{rel}","templated":true}]}}