{"id":1020,"date":"2022-05-08T21:29:36","date_gmt":"2022-05-08T19:29:36","guid":{"rendered":"http:\/\/mineralozen.com\/?post_type=product&#038;p=1020"},"modified":"2024-03-01T17:19:20","modified_gmt":"2024-03-01T16:19:20","slug":"bracelet-collection-gaya-en-jaspe-elephant","status":"publish","type":"product","link":"https:\/\/mineralozen.com\/index.php\/produit\/bracelet-collection-gaya-en-jaspe-elephant\/","title":{"rendered":"Bracelet collection \u00ab\u00a0Gaya\u00a0\u00bb en Jaspe \u00e9l\u00e9phant"},"content":{"rendered":"<h3 style=\"text-align: center;\"><strong>Bracelet collection \u00ab Gaya \u00bb en Jaspe El\u00e9phant.<\/strong><\/h3>\n<p style=\"text-align: center;\">Bracelet r\u00e9glable en Jaspe El\u00e9phant naturelle. Perle de 8 mm mont\u00e9e sur chaine en argent. Fermoir en argent 925.<\/p>\n<p style=\"text-align: center;\"><strong>Pierre du th\u00e9rapeute<\/strong><\/p>\n<p style=\"text-align: center;\">Vertus: Le jaspe \u00e9l\u00e9phant est une pierre d&rsquo;ancrage. Elle prot\u00e8ge contre les \u00e9nergies n\u00e9gatives. Elle aide \u00e0 rester positive dans les moments difficiles.<\/p>\n<p style=\"text-align: center;\">Elle aide \u00e0 la prise de d\u00e9cision et aide \u00e0 surmonter la solitude. Elle est aussi une tr\u00e8s bonne amulette de voyage.<\/p>\n<p style=\"text-align: center;\">Elle redonne le courage et attire la prosp\u00e9rit\u00e9.<\/p>\n<p style=\"text-align: center;\">Elle am\u00e9liore le transit et la circulation sanguine. Elle aide pour les troubles du cuir chevelu.<\/p>\n<p style=\"text-align: center;\">Chakra : Racine<\/p>\n<p style=\"text-align: center;\"><strong>Prix avec autres pierres sur demande.<\/strong><\/p>\n<p style=\"text-align: center;\"><strong>Chaque bijou en argent est livr\u00e9 avec sa boite de rechargement.<\/strong><\/p>\n","protected":false},"excerpt":{"rendered":"<p>Bracelet r\u00e9glable en Jaspe El\u00e9phant naturelle. Perle de 8 mm mont\u00e9e sur chaine en argent. Fermoir en argent 925.<\/p>\n","protected":false},"featured_media":1021,"comment_status":"open","ping_status":"closed","template":"","meta":[],"product_brand":[],"product_cat":[153,15,74],"product_tag":[63,80,85,77],"class_list":{"0":"post-1020","1":"product","2":"type-product","3":"status-publish","4":"has-post-thumbnail","6":"product_cat-bijoux","7":"product_cat-non-classe","8":"product_cat-bracelets-gamme-precieuse","9":"product_tag-bracelet","10":"product_tag-gaya","11":"product_tag-jaspe","12":"product_tag-lithotherapie","13":"product_shipping_class-colissimo","15":"first","16":"instock","17":"shipping-taxable","18":"purchasable","19":"product-type-simple"},"jetpack_sharing_enabled":true,"_links":{"self":[{"href":"https:\/\/mineralozen.com\/index.php\/wp-json\/wp\/v2\/product\/1020","targetHints":{"allow":["GET"]}}],"collection":[{"href":"https:\/\/mineralozen.com\/index.php\/wp-json\/wp\/v2\/product"}],"about":[{"href":"https:\/\/mineralozen.com\/index.php\/wp-json\/wp\/v2\/types\/product"}],"replies":[{"embeddable":true,"href":"https:\/\/mineralozen.com\/index.php\/wp-json\/wp\/v2\/comments?post=1020"}],"wp:featuredmedia":[{"embeddable":true,"href":"https:\/\/mineralozen.com\/index.php\/wp-json\/wp\/v2\/media\/1021"}],"wp:attachment":[{"href":"https:\/\/mineralozen.com\/index.php\/wp-json\/wp\/v2\/media?parent=1020"}],"wp:term":[{"taxonomy":"product_brand","embeddable":true,"href":"https:\/\/mineralozen.com\/index.php\/wp-json\/wp\/v2\/product_brand?post=1020"},{"taxonomy":"product_cat","embeddable":true,"href":"https:\/\/mineralozen.com\/index.php\/wp-json\/wp\/v2\/product_cat?post=1020"},{"taxonomy":"product_tag","embeddable":true,"href":"https:\/\/mineralozen.com\/index.php\/wp-json\/wp\/v2\/product_tag?post=1020"}],"curies":[{"name":"wp","href":"https:\/\/api.w.org\/{rel}","templated":true}]}}