{"id":1093,"date":"2022-07-02T10:41:09","date_gmt":"2022-07-02T08:41:09","guid":{"rendered":"http:\/\/mineralozen.com\/?post_type=product&#038;p=1093"},"modified":"2024-03-01T17:18:40","modified_gmt":"2024-03-01T16:18:40","slug":"bague-collection-lhassa-en-cornaline","status":"publish","type":"product","link":"https:\/\/mineralozen.com\/index.php\/produit\/bague-collection-lhassa-en-cornaline\/","title":{"rendered":"Bague collection \u00ab\u00a0Lhassa\u00a0\u00bb en Cornaline"},"content":{"rendered":"<h3 style=\"text-align: center;\"><strong>Bague collection \u00ab\u00a0Lhassa\u00a0\u00bb en Cornaline.<\/strong><\/h3>\n<p style=\"text-align: center;\">Bague en Cornaline naturelle. Perle de 8 mm mont\u00e9e sur fil en argent.<\/p>\n<p style=\"text-align: center;\">Vertus: La Cornaline est une pierre de r\u00e9confort.<\/p>\n<p style=\"text-align: center;\">Elle est b\u00e9n\u00e9fique pour les \u00e9tudes et la m\u00e9morisation. Elle apporte l&rsquo;estime de soi, la compassion, le courage, la vitalit\u00e9.<\/p>\n<p style=\"text-align: center;\">Elle permet de surmonter la col\u00e8re, la peur, le stress, la rage, la tristesse, la confusion et la jalousie.<\/p>\n<p style=\"text-align: center;\">Elle est b\u00e9n\u00e9fique \u00e0 la digestion, \u00e0 la r\u00e9g\u00e9n\u00e9ration des tissus et du sang.<\/p>\n<p style=\"text-align: center;\">Signe astrologique : Taureau, Cancer, Lion, Vierge, Scorpion, B\u00e9lier.<\/p>\n<p style=\"text-align: center;\">Chakra : Sacr\u00e9.<\/p>\n<p style=\"text-align: center;\"><strong>Prix avec autres pierres sur demande.<\/strong><\/p>\n<p style=\"text-align: center;\"><strong>Chaque bijou en argent est livr\u00e9 avec sa boite de rechargement.<\/strong><\/p>\n","protected":false},"excerpt":{"rendered":"<p>Bague en Cornaline naturelle. Perle de 8 mm mont\u00e9e sur fil en argent.<\/p>\n","protected":false},"featured_media":1100,"comment_status":"open","ping_status":"closed","template":"","meta":[],"product_brand":[],"product_cat":[51,153,15],"product_tag":[79,55,70,77],"class_list":{"0":"post-1093","1":"product","2":"type-product","3":"status-publish","4":"has-post-thumbnail","6":"product_cat-bagues","7":"product_cat-bijoux","8":"product_cat-non-classe","9":"product_tag-argent","10":"product_tag-bague","11":"product_tag-cornaline","12":"product_tag-lithotherapie","13":"product_shipping_class-colissimo","15":"first","16":"instock","17":"shipping-taxable","18":"purchasable","19":"product-type-simple"},"jetpack_sharing_enabled":true,"_links":{"self":[{"href":"https:\/\/mineralozen.com\/index.php\/wp-json\/wp\/v2\/product\/1093","targetHints":{"allow":["GET"]}}],"collection":[{"href":"https:\/\/mineralozen.com\/index.php\/wp-json\/wp\/v2\/product"}],"about":[{"href":"https:\/\/mineralozen.com\/index.php\/wp-json\/wp\/v2\/types\/product"}],"replies":[{"embeddable":true,"href":"https:\/\/mineralozen.com\/index.php\/wp-json\/wp\/v2\/comments?post=1093"}],"wp:featuredmedia":[{"embeddable":true,"href":"https:\/\/mineralozen.com\/index.php\/wp-json\/wp\/v2\/media\/1100"}],"wp:attachment":[{"href":"https:\/\/mineralozen.com\/index.php\/wp-json\/wp\/v2\/media?parent=1093"}],"wp:term":[{"taxonomy":"product_brand","embeddable":true,"href":"https:\/\/mineralozen.com\/index.php\/wp-json\/wp\/v2\/product_brand?post=1093"},{"taxonomy":"product_cat","embeddable":true,"href":"https:\/\/mineralozen.com\/index.php\/wp-json\/wp\/v2\/product_cat?post=1093"},{"taxonomy":"product_tag","embeddable":true,"href":"https:\/\/mineralozen.com\/index.php\/wp-json\/wp\/v2\/product_tag?post=1093"}],"curies":[{"name":"wp","href":"https:\/\/api.w.org\/{rel}","templated":true}]}}