{"id":1094,"date":"2022-07-02T09:55:08","date_gmt":"2022-07-02T07:55:08","guid":{"rendered":"http:\/\/mineralozen.com\/?post_type=product&#038;p=1094"},"modified":"2024-03-01T17:18:51","modified_gmt":"2024-03-01T16:18:51","slug":"bague-collection-lhassa-en-apatite","status":"publish","type":"product","link":"https:\/\/mineralozen.com\/index.php\/produit\/bague-collection-lhassa-en-apatite\/","title":{"rendered":"Bague collection \u00ab\u00a0Lhassa\u00a0\u00bb en Apatite"},"content":{"rendered":"<h3 style=\"text-align: center;\"><strong>Bague collection \u00ab\u00a0Lhassa\u00a0\u00bb en Apatite.<\/strong><\/h3>\n<p style=\"text-align: center;\">Bague en Apatite naturelle. Perle de 8 mm mont\u00e9e sur fil en argent avec corps de bague torsad\u00e9.<\/p>\n<p style=\"text-align: center;\">Vertus: L&rsquo;Apatite est une pierre qui permet de contr\u00f4ler ses \u00e9motions.<\/p>\n<p style=\"text-align: center;\">Elle all\u00e8ge la pression quotidienne due \u00e0 la m\u00e9moire des chocs \u00e9motionnels du pass\u00e9. Elle att\u00e9nue le stress. Elle permet de faire circuler l&rsquo;\u00e9nergie. Elle aide a communiquer avec les autres. Elle redonne confiance en soi.<\/p>\n<p style=\"text-align: center;\">Elle am\u00e9liore la pression sanguine, permet la r\u00e9g\u00e9n\u00e9ration des tissus et fortifie les os. Aide \u00e0 la perte de poids et r\u00e9gule l&rsquo;app\u00e9tit.. Elle soulage les douleurs articulaires.<\/p>\n<p style=\"text-align: center;\">Signe astrologique : Balance, G\u00e9meaux, Sagittaire<\/p>\n<p style=\"text-align: center;\">Chakra : 3e oeil.<\/p>\n<p style=\"text-align: center;\"><strong>Prix avec autres pierres sur demande.<\/strong><\/p>\n<p style=\"text-align: center;\"><strong>Chaque bijou en argent est livr\u00e9 avec sa boite de rechargement.<\/strong><\/p>\n","protected":false},"excerpt":{"rendered":"<p>Bague en Apatite naturelle. Perle de 8 mm mont\u00e9e sur fil en argent avec corps de bague torsad\u00e9.<\/p>\n","protected":false},"featured_media":1099,"comment_status":"open","ping_status":"closed","template":"","meta":[],"product_brand":[],"product_cat":[51,153,15],"product_tag":[92,79,55,77],"class_list":{"0":"post-1094","1":"product","2":"type-product","3":"status-publish","4":"has-post-thumbnail","6":"product_cat-bagues","7":"product_cat-bijoux","8":"product_cat-non-classe","9":"product_tag-apatite","10":"product_tag-argent","11":"product_tag-bague","12":"product_tag-lithotherapie","13":"product_shipping_class-colissimo","15":"first","16":"instock","17":"shipping-taxable","18":"purchasable","19":"product-type-simple"},"jetpack_sharing_enabled":true,"_links":{"self":[{"href":"https:\/\/mineralozen.com\/index.php\/wp-json\/wp\/v2\/product\/1094","targetHints":{"allow":["GET"]}}],"collection":[{"href":"https:\/\/mineralozen.com\/index.php\/wp-json\/wp\/v2\/product"}],"about":[{"href":"https:\/\/mineralozen.com\/index.php\/wp-json\/wp\/v2\/types\/product"}],"replies":[{"embeddable":true,"href":"https:\/\/mineralozen.com\/index.php\/wp-json\/wp\/v2\/comments?post=1094"}],"wp:featuredmedia":[{"embeddable":true,"href":"https:\/\/mineralozen.com\/index.php\/wp-json\/wp\/v2\/media\/1099"}],"wp:attachment":[{"href":"https:\/\/mineralozen.com\/index.php\/wp-json\/wp\/v2\/media?parent=1094"}],"wp:term":[{"taxonomy":"product_brand","embeddable":true,"href":"https:\/\/mineralozen.com\/index.php\/wp-json\/wp\/v2\/product_brand?post=1094"},{"taxonomy":"product_cat","embeddable":true,"href":"https:\/\/mineralozen.com\/index.php\/wp-json\/wp\/v2\/product_cat?post=1094"},{"taxonomy":"product_tag","embeddable":true,"href":"https:\/\/mineralozen.com\/index.php\/wp-json\/wp\/v2\/product_tag?post=1094"}],"curies":[{"name":"wp","href":"https:\/\/api.w.org\/{rel}","templated":true}]}}