{"id":1095,"date":"2022-07-02T09:59:00","date_gmt":"2022-07-02T07:59:00","guid":{"rendered":"http:\/\/mineralozen.com\/?post_type=product&#038;p=1095"},"modified":"2024-03-01T17:18:45","modified_gmt":"2024-03-01T16:18:45","slug":"bague-collection-lhassa-double-en-pierre-de-lune-et-opale-rose","status":"publish","type":"product","link":"https:\/\/mineralozen.com\/index.php\/produit\/bague-collection-lhassa-double-en-pierre-de-lune-et-opale-rose\/","title":{"rendered":"Bague collection \u00ab\u00a0Lhassa\u00a0\u00bb double en Pierre de Lune et Opale rose"},"content":{"rendered":"<h3 style=\"text-align: center;\"><strong>Bague collection \u00ab\u00a0Lhassa\u00a0\u00bb double en Pierre de Lune et Opale rose.<\/strong><\/h3>\n<p style=\"text-align: center;\">Bague en pierre de Lune et Opale rose naturelle. Perles de 8 mm mont\u00e9e sur fil en argent.<\/p>\n<p style=\"text-align: center;\">Vertus de : La pierre de lune favorise la sensibilit\u00e9, la cr\u00e9ativit\u00e9 et la douceur.<\/p>\n<p style=\"text-align: center;\">Elle harmonise les \u00e9motions. Elle d\u00e9veloppe les capacit\u00e9s extrasensorielles. Apporte chance.<\/p>\n<p style=\"text-align: center;\">Elle r\u00e9gule les hormones, draine et aide au sommeil. Elle r\u00e9gule le rythme cardiaque et baisse la tension art\u00e9rielle. Facilite la digestion.<\/p>\n<p style=\"text-align: center;\">Signe astrologique : G\u00e9meaux, Cancer, Capricorne.<\/p>\n<p style=\"text-align: center;\">Chakra : Coronal Sacr\u00e9<\/p>\n<p style=\"text-align: center;\">Vertus de : L&rsquo;Opale rose favorise l&rsquo;\u00e9claircissement de l&rsquo;esprit. C&rsquo;est une pierre d&rsquo;\u00e9veil spirituel, de renouveau, d&rsquo;amour.<\/p>\n<p style=\"text-align: center;\">Elle est apaisante. Elle est b\u00e9n\u00e9fique aux poumons, au coeur.<\/p>\n<p style=\"text-align: center;\">Elle aide en cas de diab\u00e8te et d&rsquo;hypoglyc\u00e9mie.<\/p>\n<p style=\"text-align: center;\">Signes astrologiques: Cancer<\/p>\n<p style=\"text-align: center;\">Chakra: Coeur<\/p>\n<p style=\"text-align: center;\"><strong>Prix avec autres pierres sur demande.<\/strong><\/p>\n<p style=\"text-align: center;\"><strong>Chaque bijou en argent est livr\u00e9 avec sa boite de rechargement.<\/strong><\/p>\n","protected":false},"excerpt":{"rendered":"<p>Bague en pierre de Lune et Opale rose naturelle. Perles de 8 mm mont\u00e9e sur fil en argent.<\/p>\n","protected":false},"featured_media":1096,"comment_status":"open","ping_status":"closed","template":"","meta":[],"product_brand":[],"product_cat":[51,153,15],"product_tag":[79,55,77,90,93],"class_list":{"0":"post-1095","1":"product","2":"type-product","3":"status-publish","4":"has-post-thumbnail","6":"product_cat-bagues","7":"product_cat-bijoux","8":"product_cat-non-classe","9":"product_tag-argent","10":"product_tag-bague","11":"product_tag-lithotherapie","12":"product_tag-opale-rose","13":"product_tag-pierre-de-lune","14":"product_shipping_class-colissimo","16":"first","17":"instock","18":"shipping-taxable","19":"purchasable","20":"product-type-simple"},"jetpack_sharing_enabled":true,"_links":{"self":[{"href":"https:\/\/mineralozen.com\/index.php\/wp-json\/wp\/v2\/product\/1095","targetHints":{"allow":["GET"]}}],"collection":[{"href":"https:\/\/mineralozen.com\/index.php\/wp-json\/wp\/v2\/product"}],"about":[{"href":"https:\/\/mineralozen.com\/index.php\/wp-json\/wp\/v2\/types\/product"}],"replies":[{"embeddable":true,"href":"https:\/\/mineralozen.com\/index.php\/wp-json\/wp\/v2\/comments?post=1095"}],"wp:featuredmedia":[{"embeddable":true,"href":"https:\/\/mineralozen.com\/index.php\/wp-json\/wp\/v2\/media\/1096"}],"wp:attachment":[{"href":"https:\/\/mineralozen.com\/index.php\/wp-json\/wp\/v2\/media?parent=1095"}],"wp:term":[{"taxonomy":"product_brand","embeddable":true,"href":"https:\/\/mineralozen.com\/index.php\/wp-json\/wp\/v2\/product_brand?post=1095"},{"taxonomy":"product_cat","embeddable":true,"href":"https:\/\/mineralozen.com\/index.php\/wp-json\/wp\/v2\/product_cat?post=1095"},{"taxonomy":"product_tag","embeddable":true,"href":"https:\/\/mineralozen.com\/index.php\/wp-json\/wp\/v2\/product_tag?post=1095"}],"curies":[{"name":"wp","href":"https:\/\/api.w.org\/{rel}","templated":true}]}}