{"id":121,"date":"2020-11-15T10:29:19","date_gmt":"2020-11-15T09:29:19","guid":{"rendered":"http:\/\/mineralozen.com\/?post_type=product&#038;p=121"},"modified":"2024-03-01T17:36:16","modified_gmt":"2024-03-01T16:36:16","slug":"etude-bijou-personnalise","status":"publish","type":"product","link":"https:\/\/mineralozen.com\/index.php\/produit\/etude-bijou-personnalise\/","title":{"rendered":"Etude bijou personnalis\u00e9"},"content":{"rendered":"<h3><strong>Etude personnalis\u00e9 pour la cr\u00e9ation de votre bijou \u00e9nerg\u00e9tique.<\/strong><\/h3>\n<p>T\u00e9l\u00e9charger le formulaire et renvoyez le nous par mail. Nous vous enverrons plusieurs propositions de pierres personnalis\u00e9es \u00e0 vos besoins.<\/p>\n<p>Le montant de cette \u00e9tude servira d&rsquo;acompte et sera d\u00e9duit du prix de votre bijoux.<\/p>\n","protected":false},"excerpt":{"rendered":"<h3><strong>Etude personnalis\u00e9 pour la cr\u00e9ation de votre bijou \u00e9nerg\u00e9tique.<\/strong><\/h3>\n<p>T\u00e9l\u00e9charger le formulaire et renvoyez le nous par mail. Nous vous enverrons plusieurs propositions de pierres personnalis\u00e9 \u00e0 vos besoins.<\/p>\n<p>Le montant de cette \u00e9tude servira d&rsquo;acompte et sera d\u00e9duit du prix de votre bijoux.<\/p>\n","protected":false},"featured_media":59,"comment_status":"open","ping_status":"closed","template":"","meta":[],"product_brand":[],"product_cat":[51,153,15,100,94,74,21,155,99],"product_tag":[],"class_list":{"0":"post-121","1":"product","2":"type-product","3":"status-publish","4":"has-post-thumbnail","6":"product_cat-bagues","7":"product_cat-bijoux","8":"product_cat-non-classe","9":"product_cat-gamme-precieuse-gamme-precieuse-non-classe","10":"product_cat-chemin-de-vie","11":"product_cat-bracelets-gamme-precieuse","12":"product_cat-colliers","13":"product_cat-commande-personnalise","14":"product_cat-gamme-precieuse-gamme-precieuse","16":"first","17":"instock","18":"downloadable","19":"sold-individually","20":"purchasable","21":"product-type-simple"},"jetpack_sharing_enabled":true,"_links":{"self":[{"href":"https:\/\/mineralozen.com\/index.php\/wp-json\/wp\/v2\/product\/121","targetHints":{"allow":["GET"]}}],"collection":[{"href":"https:\/\/mineralozen.com\/index.php\/wp-json\/wp\/v2\/product"}],"about":[{"href":"https:\/\/mineralozen.com\/index.php\/wp-json\/wp\/v2\/types\/product"}],"replies":[{"embeddable":true,"href":"https:\/\/mineralozen.com\/index.php\/wp-json\/wp\/v2\/comments?post=121"}],"wp:featuredmedia":[{"embeddable":true,"href":"https:\/\/mineralozen.com\/index.php\/wp-json\/wp\/v2\/media\/59"}],"wp:attachment":[{"href":"https:\/\/mineralozen.com\/index.php\/wp-json\/wp\/v2\/media?parent=121"}],"wp:term":[{"taxonomy":"product_brand","embeddable":true,"href":"https:\/\/mineralozen.com\/index.php\/wp-json\/wp\/v2\/product_brand?post=121"},{"taxonomy":"product_cat","embeddable":true,"href":"https:\/\/mineralozen.com\/index.php\/wp-json\/wp\/v2\/product_cat?post=121"},{"taxonomy":"product_tag","embeddable":true,"href":"https:\/\/mineralozen.com\/index.php\/wp-json\/wp\/v2\/product_tag?post=121"}],"curies":[{"name":"wp","href":"https:\/\/api.w.org\/{rel}","templated":true}]}}