{"id":1223,"date":"2022-07-09T11:32:41","date_gmt":"2022-07-09T09:32:41","guid":{"rendered":"http:\/\/mineralozen.com\/?post_type=product&#038;p=1223"},"modified":"2024-03-03T11:18:45","modified_gmt":"2024-03-03T10:18:45","slug":"bracelet-chemin-de-vie-energetique","status":"publish","type":"product","link":"https:\/\/mineralozen.com\/index.php\/produit\/bracelet-chemin-de-vie-energetique\/","title":{"rendered":"Bracelet Chemin de Vie + \u00e9nerg\u00e9tique"},"content":{"rendered":"<h2 style=\"text-align: center;\"><strong>Bracelet Chemin de Vie + \u00e9nerg\u00e9tique<\/strong><\/h2>\n<p style=\"text-align: center;\"><strong>Bracelet mont\u00e9 sur c\u00e2ble en argent avec les 8 pierres de votre chemin de vie + les pierres qui correspondent \u00e0 vos besoins \u00e9nerg\u00e9tiques.<\/strong><\/p>\n<div id=\"exacc_VgfAYpr6K9mjlwS0kYDwCQ8\" class=\"MBtdbb\" data-ved=\"2ahUKEwia_ev_6dn4AhXZ0YUKHbQIAJ4Q7NUEegQIFxAD\">\n<div class=\"ymu2Hb\">\n<div id=\"_VgfAYpr6K9mjlwS0kYDwCQ39\" class=\"t0bRye r2fjmd\" data-hveid=\"CBcQBA\" data-ved=\"2ahUKEwia_ev_6dn4AhXZ0YUKHbQIAJ4Qu04oAHoECBcQBA\">\n<div id=\"VgfAYpr6K9mjlwS0kYDwCQ__9\">\n<div class=\"wDYxhc\" data-md=\"61\">\n<div class=\"LGOjhe\" style=\"text-align: center;\" role=\"heading\" data-attrid=\"wa:\/description\" aria-level=\"3\" data-hveid=\"CAoQAA\"><strong><span class=\"ILfuVd\" lang=\"fr\"><span class=\"hgKElc\">Le bracelet de chemin de vie est le calcul de votre profil num\u00e9rologique, avec des pierres. <\/span><\/span><\/strong><\/div>\n<div class=\"LGOjhe\" style=\"text-align: center;\" role=\"heading\" data-attrid=\"wa:\/description\" aria-level=\"3\" data-hveid=\"CAoQAA\"><strong><span class=\"ILfuVd\" lang=\"fr\"><span class=\"hgKElc\">Il est calcul\u00e9 gr\u00e2ce \u00e0 vos pr\u00e9noms, date de naissance, nom de famille du p\u00e8re et le nom de jeune fille de votre m\u00e8re.<\/span><\/span><\/strong><\/div>\n<div style=\"text-align: center;\" role=\"heading\" data-attrid=\"wa:\/description\" aria-level=\"3\" data-hveid=\"CAoQAA\">Le visuel est al\u00e9atoire car les pierres seront les v\u00f4tres et ne peuvent \u00eatre chang\u00e9es.<\/div>\n<div role=\"heading\" data-attrid=\"wa:\/description\" aria-level=\"3\" data-hveid=\"CAoQAA\"><\/div>\n<div role=\"heading\" data-attrid=\"wa:\/description\" aria-level=\"3\" data-hveid=\"CAoQAA\">\n<div style=\"text-align: center;\" role=\"heading\" data-attrid=\"wa:\/description\" aria-level=\"3\" data-hveid=\"CAoQAA\"><strong>Pour toute commande merci de m&rsquo;envoyer un mail avec les renseignements suivant:<\/strong><\/div>\n<div style=\"text-align: center;\" role=\"heading\" data-attrid=\"wa:\/description\" aria-level=\"3\" data-hveid=\"CAoQAA\"><strong>Votre nom de famille; Tous vos pr\u00e9noms; Non de famille de votre p\u00e8re; Nom de famille de jeune fille de votre m\u00e8re; et votre date de naissance et vos besoins \u00e9nerg\u00e9tiques afin que je puisse calculer vos pierres.<\/strong><\/div>\n<div role=\"heading\" data-attrid=\"wa:\/description\" aria-level=\"3\" data-hveid=\"CAoQAA\"><\/div>\n<div style=\"text-align: center;\" role=\"heading\" data-attrid=\"wa:\/description\" aria-level=\"3\" data-hveid=\"CAoQAA\"><strong>Mail pour l&rsquo;envoi des renseignements : mineralozen@gmail.com<\/strong><\/div>\n<\/div>\n<h4 style=\"text-align: center;\" role=\"heading\" data-attrid=\"wa:\/description\" aria-level=\"3\" data-hveid=\"CAoQAA\"><strong>Le tarif est \u00e0 partir de 60\u20ac ( il d\u00e9pend des pierres utilis\u00e9 pour la partie \u00e9nerg\u00e9tique)<\/strong><\/h4>\n<div style=\"text-align: center;\" role=\"heading\" data-attrid=\"wa:\/description\" aria-level=\"3\" data-hveid=\"CAoQAA\">Un chemin de vie c&rsquo;est quoi?<\/div>\n<div role=\"heading\" data-attrid=\"wa:\/description\" aria-level=\"3\" data-hveid=\"CAoQAA\"><\/div>\n<div style=\"text-align: center;\" role=\"heading\" data-attrid=\"wa:\/description\" aria-level=\"3\" data-hveid=\"CAoQAA\"><span style=\"font-weight: 400;\">Les pr\u00e9noms et le nom que nous portons sont des indicateurs fondamentaux quant \u00e0 notre histoire personnelle. Avoir un nom, c\u2019est avoir un sens, En nous nommant, nos parents nous donnent notre sens, notre direction et des informations sur notre histoire, riche de sens et de compr\u00e9hension. <\/span><\/div>\n<div style=\"text-align: center;\" role=\"heading\" data-attrid=\"wa:\/description\" aria-level=\"3\" data-hveid=\"CAoQAA\"><span style=\"font-weight: 400;\">Nos r\u00e9actions physiques \u00e9tant intimement reli\u00e9es \u00e0 des souffrances de nos racines. Nos m\u00e9moires \u00e9motionnelles, sont celles qui nous rendent malades. <\/span><span style=\"font-weight: 400;\">Les pierres du chemin de vie, nous aident \u00e0 comprendre nos fragilit\u00e9s. La probl\u00e9matique mise \u00e0 jour peut \u00eatre am\u00e9lior\u00e9e par la vibration des min\u00e9raux. <\/span><\/div>\n<div role=\"heading\" data-attrid=\"wa:\/description\" aria-level=\"3\" data-hveid=\"CAoQAA\"><\/div>\n<div style=\"text-align: center;\" role=\"heading\" data-attrid=\"wa:\/description\" aria-level=\"3\" data-hveid=\"CAoQAA\"><span style=\"font-weight: 400;\">Cette m\u00e9thode associe la num\u00e9rologie \u00e0 la lithoth\u00e9rapie et nous permet de trouver les 8 pierres qui nous correspondent personnellement. Les pierres, par les \u00e9l\u00e9ments b\u00e9n\u00e9fiques qu\u2019elles contiennent, leurs \u00e9nergies ainsi que leurs couleurs, vont nous procurer un bien-\u00eatre et am\u00e9liorer notre \u00e9tat de sant\u00e9.\u00a0<\/span><\/div>\n<\/div>\n<\/div>\n<div role=\"heading\" data-attrid=\"wa:\/description\" aria-level=\"3\" data-hveid=\"CAoQAA\"><\/div>\n<div style=\"text-align: center;\" role=\"heading\" data-attrid=\"wa:\/description\" aria-level=\"3\" data-hveid=\"CAoQAA\">Les prix peuvent varier suivant les pierres de vos besoins \u00e9nerg\u00e9tiques. Nous envoyer un mail avant afin de faire l&rsquo;\u00e9tude et vous donner le montant total.<\/div>\n<\/div>\n<div style=\"text-align: center;\" role=\"heading\" data-attrid=\"wa:\/description\" aria-level=\"3\" data-hveid=\"CAoQAA\"><strong>Chaque bijou en argent est livr\u00e9 avec sa boite de rechargement.<\/strong><\/div>\n<div id=\"_VgfAYpr6K9mjlwS0kYDwCQ39\" class=\"t0bRye r2fjmd\" data-hveid=\"CBcQBA\" data-ved=\"2ahUKEwia_ev_6dn4AhXZ0YUKHbQIAJ4Qu04oAHoECBcQBA\">\n<div style=\"text-align: center;\" role=\"heading\" data-attrid=\"wa:\/description\" aria-level=\"3\" data-hveid=\"CAoQAA\"><\/div>\n<\/div>\n<\/div>\n<\/div>\n","protected":false},"excerpt":{"rendered":"<p>Bracelet chemin de vie en pierres naturelles et argent<\/p>\n","protected":false},"featured_media":1231,"comment_status":"open","ping_status":"closed","template":"","meta":[],"product_brand":[],"product_cat":[153,15,94,74],"product_tag":[63,95,96,77,98,97],"class_list":{"0":"post-1223","1":"product","2":"type-product","3":"status-publish","4":"has-post-thumbnail","6":"product_cat-bijoux","7":"product_cat-non-classe","8":"product_cat-chemin-de-vie","9":"product_cat-bracelets-gamme-precieuse","10":"product_tag-bracelet","11":"product_tag-chemin-de-vie","12":"product_tag-energetique","13":"product_tag-lithotherapie","14":"product_tag-numerologie","15":"product_tag-pierre-naturelle","16":"product_shipping_class-colissimo","18":"first","19":"instock","20":"shipping-taxable","21":"purchasable","22":"product-type-simple"},"jetpack_sharing_enabled":true,"_links":{"self":[{"href":"https:\/\/mineralozen.com\/index.php\/wp-json\/wp\/v2\/product\/1223","targetHints":{"allow":["GET"]}}],"collection":[{"href":"https:\/\/mineralozen.com\/index.php\/wp-json\/wp\/v2\/product"}],"about":[{"href":"https:\/\/mineralozen.com\/index.php\/wp-json\/wp\/v2\/types\/product"}],"replies":[{"embeddable":true,"href":"https:\/\/mineralozen.com\/index.php\/wp-json\/wp\/v2\/comments?post=1223"}],"wp:featuredmedia":[{"embeddable":true,"href":"https:\/\/mineralozen.com\/index.php\/wp-json\/wp\/v2\/media\/1231"}],"wp:attachment":[{"href":"https:\/\/mineralozen.com\/index.php\/wp-json\/wp\/v2\/media?parent=1223"}],"wp:term":[{"taxonomy":"product_brand","embeddable":true,"href":"https:\/\/mineralozen.com\/index.php\/wp-json\/wp\/v2\/product_brand?post=1223"},{"taxonomy":"product_cat","embeddable":true,"href":"https:\/\/mineralozen.com\/index.php\/wp-json\/wp\/v2\/product_cat?post=1223"},{"taxonomy":"product_tag","embeddable":true,"href":"https:\/\/mineralozen.com\/index.php\/wp-json\/wp\/v2\/product_tag?post=1223"}],"curies":[{"name":"wp","href":"https:\/\/api.w.org\/{rel}","templated":true}]}}