{"id":1429,"date":"2022-09-10T17:33:56","date_gmt":"2022-09-10T15:33:56","guid":{"rendered":"http:\/\/mineralozen.com\/?post_type=product&#038;p=1429"},"modified":"2024-03-01T17:18:09","modified_gmt":"2024-03-01T16:18:09","slug":"boucles-doreilles-collection-gaya-en-agate-dherbe","status":"publish","type":"product","link":"https:\/\/mineralozen.com\/index.php\/produit\/boucles-doreilles-collection-gaya-en-agate-dherbe\/","title":{"rendered":"Boucles d&rsquo;oreilles collection GAYA en Agate d&rsquo;herbe"},"content":{"rendered":"<h3 style=\"text-align: center;\"><strong>Boucles d&rsquo;oreilles collection \u00ab Gaya \u00bb en Agate d&rsquo;herbe.<\/strong><\/h3>\n<p style=\"text-align: center;\">Bracelet r\u00e9glable en agate d\u2019herbe naturelle. Perle de 6 mm mont\u00e9e sur chaine en argent. Fermoir en argent 925.<\/p>\n<p style=\"text-align: center;\">Vertus: L\u2019agate fait aimer la vie passionn\u00e9ment. Pierre positive et bienveillante. Elle lib\u00e8re les \u00e9motions bloqu\u00e9es. Elle aide \u00e0 surmonter l\u2019anxi\u00e9t\u00e9, le stress et la tension.<\/p>\n<p style=\"text-align: center;\">Elle favorise la purification et d\u00e9sintoxication. Elle est b\u00e9n\u00e9fique \u00e0 la digestion, au syst\u00e8me immunitaire et aux yeux.<\/p>\n<p style=\"text-align: center;\">Elle aide en cas de d\u00e9shydratation, d\u2019infection fongique, de sympt\u00f4mes de la grippe ou rhume, et de troubles de l\u2019\u00e9piderme<\/p>\n<p style=\"text-align: center;\">Signe astrologique : Vierge<\/p>\n<p style=\"text-align: center;\">Chakra : Coeur.<\/p>\n<p style=\"text-align: center;\"><strong>Prix avec autres pierres sur demande.<\/strong><\/p>\n<p style=\"text-align: center;\"><strong>Chaque bijou en argent est livr\u00e9 avec sa boite de rechargement.<\/strong><\/p>\n","protected":false},"excerpt":{"rendered":"<p>Bracelet r\u00e9glable en agate d\u2019herbe naturelle. Perle de 6 mm mont\u00e9e sur chaine en argent. Fermoir en argent 925.<\/p>\n","protected":false},"featured_media":1430,"comment_status":"open","ping_status":"closed","template":"","meta":[],"product_brand":[],"product_cat":[153,15,100],"product_tag":[81,57,102,96,77],"class_list":{"0":"post-1429","1":"product","2":"type-product","3":"status-publish","4":"has-post-thumbnail","6":"product_cat-bijoux","7":"product_cat-non-classe","8":"product_cat-gamme-precieuse-gamme-precieuse-non-classe","9":"product_tag-agate","10":"product_tag-bijoux","11":"product_tag-boucles-doreilles","12":"product_tag-energetique","13":"product_tag-lithotherapie","14":"product_shipping_class-colissimo","16":"first","17":"instock","18":"shipping-taxable","19":"purchasable","20":"product-type-simple"},"jetpack_sharing_enabled":true,"_links":{"self":[{"href":"https:\/\/mineralozen.com\/index.php\/wp-json\/wp\/v2\/product\/1429","targetHints":{"allow":["GET"]}}],"collection":[{"href":"https:\/\/mineralozen.com\/index.php\/wp-json\/wp\/v2\/product"}],"about":[{"href":"https:\/\/mineralozen.com\/index.php\/wp-json\/wp\/v2\/types\/product"}],"replies":[{"embeddable":true,"href":"https:\/\/mineralozen.com\/index.php\/wp-json\/wp\/v2\/comments?post=1429"}],"wp:featuredmedia":[{"embeddable":true,"href":"https:\/\/mineralozen.com\/index.php\/wp-json\/wp\/v2\/media\/1430"}],"wp:attachment":[{"href":"https:\/\/mineralozen.com\/index.php\/wp-json\/wp\/v2\/media?parent=1429"}],"wp:term":[{"taxonomy":"product_brand","embeddable":true,"href":"https:\/\/mineralozen.com\/index.php\/wp-json\/wp\/v2\/product_brand?post=1429"},{"taxonomy":"product_cat","embeddable":true,"href":"https:\/\/mineralozen.com\/index.php\/wp-json\/wp\/v2\/product_cat?post=1429"},{"taxonomy":"product_tag","embeddable":true,"href":"https:\/\/mineralozen.com\/index.php\/wp-json\/wp\/v2\/product_tag?post=1429"}],"curies":[{"name":"wp","href":"https:\/\/api.w.org\/{rel}","templated":true}]}}