{"id":1436,"date":"2022-09-10T17:41:40","date_gmt":"2022-09-10T15:41:40","guid":{"rendered":"http:\/\/mineralozen.com\/?post_type=product&#038;p=1436"},"modified":"2024-03-01T17:18:03","modified_gmt":"2024-03-01T16:18:03","slug":"bracelet-collection-mayapur-en-tourmaline","status":"publish","type":"product","link":"https:\/\/mineralozen.com\/index.php\/produit\/bracelet-collection-mayapur-en-tourmaline\/","title":{"rendered":"Bracelet collection \u00ab\u00a0Mayapur\u00a0\u00bb en Tourmaline"},"content":{"rendered":"<h3 style=\"text-align: center;\"><strong>Bracelet collection \u00ab\u00a0Mayapur\u00a0\u00bb en Tourmaline.<\/strong><\/h3>\n<p style=\"text-align: center;\">Bracelet r\u00e9glable en Tourmaline naturelle. Perle de 6 mm mont\u00e9e sur argent. Fermoir en argent 925.<\/p>\n<p style=\"text-align: center;\">Vertus: La Tourmaline est une pierre apaisante. Elle favorise l&rsquo;inspiration, la connexion, l&rsquo;\u00e9veil, la cr\u00e9ativit\u00e9 et la confiance en soi.<\/p>\n<p style=\"text-align: center;\">Elle aide \u00e0 surmonter la peur et la n\u00e9gativit\u00e9, la d\u00e9pression.<\/p>\n<p style=\"text-align: center;\">Elle aide \u00e0 gu\u00e9rir les vieilles blessures \u00e9motionnelles.<\/p>\n<p style=\"text-align: center;\">Elle b\u00e9n\u00e9fique \u00e0 la gu\u00e9rison et \u00e0 la sant\u00e9 mentale. Elle favorise la digestion et la d\u00e9sintoxication.<\/p>\n<p style=\"text-align: center;\">Circulation, Syst\u00e8me immunitaire, syst\u00e8me digestif, probl\u00e8me de peau.<\/p>\n<p style=\"text-align: center;\">Signe astrologique : Balance, Poissons, Capricorne, Sagittaire, Verseau, Scorpion, B\u00e9lier, Taureau.<\/p>\n<p style=\"text-align: center;\">Chakra : Racine.<\/p>\n<p style=\"text-align: center;\"><strong>Prix avec autres pierres sur demande.<\/strong><\/p>\n<p style=\"text-align: center;\"><strong>Chaque bijou en argent est livr\u00e9 avec sa boite de rechargement.<\/strong><\/p>\n","protected":false},"excerpt":{"rendered":"<p>Bracelet r\u00e9glable en Tourmaline naturelle.<\/p>\n<p>Perle de 6 mm mont\u00e9e sur argent. Fermoir en argent 925.<\/p>\n","protected":false},"featured_media":1437,"comment_status":"open","ping_status":"closed","template":"","meta":[],"product_brand":[],"product_cat":[153,15,74],"product_tag":[],"class_list":{"0":"post-1436","1":"product","2":"type-product","3":"status-publish","4":"has-post-thumbnail","6":"product_cat-bijoux","7":"product_cat-non-classe","8":"product_cat-bracelets-gamme-precieuse","9":"product_shipping_class-bracelet","11":"first","12":"instock","13":"shipping-taxable","14":"purchasable","15":"product-type-simple"},"jetpack_sharing_enabled":true,"_links":{"self":[{"href":"https:\/\/mineralozen.com\/index.php\/wp-json\/wp\/v2\/product\/1436","targetHints":{"allow":["GET"]}}],"collection":[{"href":"https:\/\/mineralozen.com\/index.php\/wp-json\/wp\/v2\/product"}],"about":[{"href":"https:\/\/mineralozen.com\/index.php\/wp-json\/wp\/v2\/types\/product"}],"replies":[{"embeddable":true,"href":"https:\/\/mineralozen.com\/index.php\/wp-json\/wp\/v2\/comments?post=1436"}],"wp:featuredmedia":[{"embeddable":true,"href":"https:\/\/mineralozen.com\/index.php\/wp-json\/wp\/v2\/media\/1437"}],"wp:attachment":[{"href":"https:\/\/mineralozen.com\/index.php\/wp-json\/wp\/v2\/media?parent=1436"}],"wp:term":[{"taxonomy":"product_brand","embeddable":true,"href":"https:\/\/mineralozen.com\/index.php\/wp-json\/wp\/v2\/product_brand?post=1436"},{"taxonomy":"product_cat","embeddable":true,"href":"https:\/\/mineralozen.com\/index.php\/wp-json\/wp\/v2\/product_cat?post=1436"},{"taxonomy":"product_tag","embeddable":true,"href":"https:\/\/mineralozen.com\/index.php\/wp-json\/wp\/v2\/product_tag?post=1436"}],"curies":[{"name":"wp","href":"https:\/\/api.w.org\/{rel}","templated":true}]}}