{"id":2371,"date":"2023-12-06T15:39:32","date_gmt":"2023-12-06T14:39:32","guid":{"rendered":"http:\/\/mineralozen.com\/?post_type=product&#038;p=2371"},"modified":"2024-03-01T17:17:48","modified_gmt":"2024-03-01T16:17:48","slug":"bracelet-en-pierres-naturelles-sur-fils-de-soie","status":"publish","type":"product","link":"https:\/\/mineralozen.com\/index.php\/produit\/bracelet-en-pierres-naturelles-sur-fils-de-soie\/","title":{"rendered":"Bracelet en pierres naturelles sur fils de soie"},"content":{"rendered":"<h3 style=\"text-align: center;\"><strong>Bracelet en pierre naturelles sur fils de soie.<\/strong><\/h3>\n<p style=\"text-align: center;\">Bracelet r\u00e9glable avec 3 perles de 6 ou 8 mm mont\u00e9e sur un fil de soie assorti au perles.<\/p>\n<p style=\"text-align: center;\">Fermeture gr\u00e2ce \u00e0 une perle coulissante en argent 925.<\/p>\n<p style=\"text-align: center;\">Pierres \u00e0 choisir parmi la s\u00e9lection.<\/p>\n<p style=\"text-align: center;\">Les vertus des pierres sont disponibles ici:<\/p>\n<blockquote class=\"wp-embedded-content\" data-secret=\"lARfnqxrFu\"><p><a href=\"http:\/\/mineralozen.com\/index.php\/les-pierres-naturelles\/\">Les pierres<\/a><\/p><\/blockquote>\n<p><iframe loading=\"lazy\" class=\"wp-embedded-content\" sandbox=\"allow-scripts\" security=\"restricted\" style=\"position: absolute; clip: rect(1px, 1px, 1px, 1px);\" title=\"\u00ab\u00a0Les pierres\u00a0\u00bb &#8212; Min\u00e9ralOzen\" src=\"http:\/\/mineralozen.com\/index.php\/les-pierres-naturelles\/embed\/#?secret=raINiS5N0M#?secret=lARfnqxrFu\" data-secret=\"lARfnqxrFu\" width=\"600\" height=\"338\" frameborder=\"0\" marginwidth=\"0\" marginheight=\"0\" scrolling=\"no\"><\/iframe><\/p>\n","protected":false},"excerpt":{"rendered":"<p>Bracelet en pierre naturelles sur fils de soie. Bracelet r\u00e9glable avec 3 perles de 6 ou 8 mm mont\u00e9e sur un fil de soie assorti au perles. Fermeture gr\u00e2ce \u00e0 une perle coulissante en argent 925. Pierres \u00e0 choisir parmi la s\u00e9lection. Les vertus des pierres sont disponibles ici: Les pierres<\/p>\n","protected":false},"featured_media":2374,"comment_status":"open","ping_status":"closed","template":"","meta":[],"product_brand":[],"product_cat":[153,15,74],"product_tag":[63,77,97],"class_list":{"0":"post-2371","1":"product","2":"type-product","3":"status-publish","4":"has-post-thumbnail","6":"product_cat-bijoux","7":"product_cat-non-classe","8":"product_cat-bracelets-gamme-precieuse","9":"product_tag-bracelet","10":"product_tag-lithotherapie","11":"product_tag-pierre-naturelle","12":"product_shipping_class-bracelet","14":"first","15":"instock","16":"shipping-taxable","17":"purchasable","18":"product-type-variable"},"jetpack_sharing_enabled":true,"_links":{"self":[{"href":"https:\/\/mineralozen.com\/index.php\/wp-json\/wp\/v2\/product\/2371","targetHints":{"allow":["GET"]}}],"collection":[{"href":"https:\/\/mineralozen.com\/index.php\/wp-json\/wp\/v2\/product"}],"about":[{"href":"https:\/\/mineralozen.com\/index.php\/wp-json\/wp\/v2\/types\/product"}],"replies":[{"embeddable":true,"href":"https:\/\/mineralozen.com\/index.php\/wp-json\/wp\/v2\/comments?post=2371"}],"wp:featuredmedia":[{"embeddable":true,"href":"https:\/\/mineralozen.com\/index.php\/wp-json\/wp\/v2\/media\/2374"}],"wp:attachment":[{"href":"https:\/\/mineralozen.com\/index.php\/wp-json\/wp\/v2\/media?parent=2371"}],"wp:term":[{"taxonomy":"product_brand","embeddable":true,"href":"https:\/\/mineralozen.com\/index.php\/wp-json\/wp\/v2\/product_brand?post=2371"},{"taxonomy":"product_cat","embeddable":true,"href":"https:\/\/mineralozen.com\/index.php\/wp-json\/wp\/v2\/product_cat?post=2371"},{"taxonomy":"product_tag","embeddable":true,"href":"https:\/\/mineralozen.com\/index.php\/wp-json\/wp\/v2\/product_tag?post=2371"}],"curies":[{"name":"wp","href":"https:\/\/api.w.org\/{rel}","templated":true}]}}