{"id":2967,"date":"2024-03-18T12:50:09","date_gmt":"2024-03-18T11:50:09","guid":{"rendered":"https:\/\/mineralozen.com\/?post_type=product&#038;p=2967"},"modified":"2024-03-18T12:52:17","modified_gmt":"2024-03-18T11:52:17","slug":"collier-porte-pierre","status":"publish","type":"product","link":"https:\/\/mineralozen.com\/index.php\/produit\/collier-porte-pierre\/","title":{"rendered":"Collier porte pierre"},"content":{"rendered":"<h1 style=\"text-align: center;\"><strong>Collier porte pierre <\/strong><strong>interchangeable<\/strong><\/h1>\n<p style=\"text-align: center;\">Magnifique collier r\u00e9glable enti\u00e8rement fait main orn\u00e9e d&rsquo;une perle en bois naturel.<\/p>\n<p style=\"text-align: center;\">Il vous permet de porter vos pierres roul\u00e9es et de les changer autant que vous le souhaiter au gr\u00e9 de vos envies !<\/p>\n<p style=\"text-align: center;\"><strong>Avec pierre roul\u00e9 comprise.<\/strong><\/p>\n<p style=\"text-align: center;\">Pour le collier seul :\u00a0<a href=\"https:\/\/mineralozen.com\/index.php\/produit\/collier-porte-pierre-fils\/\">Collier porte pierre<\/a><\/p>\n<p style=\"text-align: center;\">Pour les pierres roul\u00e9es :\u00a0<a href=\"https:\/\/mineralozen.com\/index.php\/produit\/pierres-roulees\/\">Pierres roul\u00e9es<\/a><\/p>\n","protected":false},"excerpt":{"rendered":"<p>Collier porte pierre interchangeable Magnifique collier r\u00e9glable enti\u00e8rement fait main orn\u00e9e d&rsquo;une perle en bois naturel. Il vous permet de porter vos pierres roul\u00e9es et de les changer autant que vous le souhaiter au gr\u00e9 de vos envies ! Avec pierre roul\u00e9 comprise. Pour le collier seul :\u00a0Collier porte pierre Pour les pierres roul\u00e9es :\u00a0Pierres [&hellip;]<\/p>\n","protected":false},"featured_media":3150,"comment_status":"open","ping_status":"closed","template":"","meta":[],"product_brand":[],"product_cat":[15,21,99],"product_tag":[],"class_list":{"0":"post-2967","1":"product","2":"type-product","3":"status-publish","4":"has-post-thumbnail","6":"product_cat-non-classe","7":"product_cat-colliers","8":"product_cat-gamme-precieuse-gamme-precieuse","9":"product_shipping_class-colissimo","10":"pa_taille-l-pierre-de-30-a-40-mm","11":"pa_taille-m-pierre-de-20-a-30-mm","12":"pa_taille-s-pierre-de-15-a-20-mm","13":"pa_taille-xs-pierre-de-10-a-15-mm","15":"first","16":"instock","17":"shipping-taxable","18":"purchasable","19":"product-type-variable"},"jetpack_sharing_enabled":true,"_links":{"self":[{"href":"https:\/\/mineralozen.com\/index.php\/wp-json\/wp\/v2\/product\/2967","targetHints":{"allow":["GET"]}}],"collection":[{"href":"https:\/\/mineralozen.com\/index.php\/wp-json\/wp\/v2\/product"}],"about":[{"href":"https:\/\/mineralozen.com\/index.php\/wp-json\/wp\/v2\/types\/product"}],"replies":[{"embeddable":true,"href":"https:\/\/mineralozen.com\/index.php\/wp-json\/wp\/v2\/comments?post=2967"}],"wp:featuredmedia":[{"embeddable":true,"href":"https:\/\/mineralozen.com\/index.php\/wp-json\/wp\/v2\/media\/3150"}],"wp:attachment":[{"href":"https:\/\/mineralozen.com\/index.php\/wp-json\/wp\/v2\/media?parent=2967"}],"wp:term":[{"taxonomy":"product_brand","embeddable":true,"href":"https:\/\/mineralozen.com\/index.php\/wp-json\/wp\/v2\/product_brand?post=2967"},{"taxonomy":"product_cat","embeddable":true,"href":"https:\/\/mineralozen.com\/index.php\/wp-json\/wp\/v2\/product_cat?post=2967"},{"taxonomy":"product_tag","embeddable":true,"href":"https:\/\/mineralozen.com\/index.php\/wp-json\/wp\/v2\/product_tag?post=2967"}],"curies":[{"name":"wp","href":"https:\/\/api.w.org\/{rel}","templated":true}]}}