{"id":3091,"date":"2024-03-18T11:08:32","date_gmt":"2024-03-18T10:08:32","guid":{"rendered":"https:\/\/mineralozen.com\/?post_type=product&#038;p=3091"},"modified":"2024-03-18T12:54:50","modified_gmt":"2024-03-18T11:54:50","slug":"collier-porte-pierre-fils","status":"publish","type":"product","link":"https:\/\/mineralozen.com\/index.php\/produit\/collier-porte-pierre-fils\/","title":{"rendered":"Collier porte pierre en fils"},"content":{"rendered":"<h1 style=\"text-align: center;\"><strong>Collier porte pierre interchangeable<\/strong><\/h1>\n<p style=\"text-align: center;\">Magnifique collier r\u00e9glable enti\u00e8rement fait main orn\u00e9e d&rsquo;une perle en bois naturel.<\/p>\n<p style=\"text-align: center;\">Il vous permet de porter vos pierres roul\u00e9es et de les changer autant que vous le souhaiter au gr\u00e9 de vos envies !<\/p>\n<p style=\"text-align: center;\">S\u00e9lectionner la ou les pierres de votre choix ( ici <a href=\"https:\/\/mineralozen.com\/index.php\/produit\/pierres-roulees\/\">pierres-roulees<\/a> ) en notant bien la taille\u00a0 puis choisissez la couleur puis la taille votre collier<\/p>\n<p style=\"text-align: center;\"><strong>Plusieurs tailles et coloris disponibles !<\/strong><\/p>\n<p style=\"text-align: center;\">XS= Pour les pierres allant de 10 \u00e0 15mm<\/p>\n<p style=\"text-align: center;\">S = Pour les pierres allant de 15 \u00e0 20mm<\/p>\n<p style=\"text-align: center;\">M= Pour les pierres allant de 20 \u00e0 30mm<\/p>\n<p style=\"text-align: center;\">L= Pour les pierres allant de 30 \u00e0 40mm<\/p>\n","protected":false},"excerpt":{"rendered":"<p>Collier porte pierre interchangeable Magnifique collier r\u00e9glable enti\u00e8rement fait main orn\u00e9e d&rsquo;une perle en bois naturel. Il vous permet de porter vos pierres roul\u00e9es et de les changer autant que vous le souhaiter au gr\u00e9 de vos envies ! S\u00e9lectionner la ou les pierres de votre choix ( ici pierres-roulees ) en notant bien la [&hellip;]<\/p>\n","protected":false},"featured_media":3088,"comment_status":"open","ping_status":"closed","template":"","meta":[],"product_brand":[],"product_cat":[15,21,99],"product_tag":[],"class_list":{"0":"post-3091","1":"product","2":"type-product","3":"status-publish","4":"has-post-thumbnail","6":"product_cat-non-classe","7":"product_cat-colliers","8":"product_cat-gamme-precieuse-gamme-precieuse","9":"product_shipping_class-colissimo","10":"pa_taille-l-pierre-de-30-a-40-mm","11":"pa_taille-m-pierre-de-20-a-30-mm","12":"pa_taille-s-pierre-de-15-a-20-mm","13":"pa_taille-xs-pierre-de-10-a-15-mm","15":"first","16":"instock","17":"shipping-taxable","18":"purchasable","19":"product-type-variable"},"jetpack_sharing_enabled":true,"_links":{"self":[{"href":"https:\/\/mineralozen.com\/index.php\/wp-json\/wp\/v2\/product\/3091","targetHints":{"allow":["GET"]}}],"collection":[{"href":"https:\/\/mineralozen.com\/index.php\/wp-json\/wp\/v2\/product"}],"about":[{"href":"https:\/\/mineralozen.com\/index.php\/wp-json\/wp\/v2\/types\/product"}],"replies":[{"embeddable":true,"href":"https:\/\/mineralozen.com\/index.php\/wp-json\/wp\/v2\/comments?post=3091"}],"wp:featuredmedia":[{"embeddable":true,"href":"https:\/\/mineralozen.com\/index.php\/wp-json\/wp\/v2\/media\/3088"}],"wp:attachment":[{"href":"https:\/\/mineralozen.com\/index.php\/wp-json\/wp\/v2\/media?parent=3091"}],"wp:term":[{"taxonomy":"product_brand","embeddable":true,"href":"https:\/\/mineralozen.com\/index.php\/wp-json\/wp\/v2\/product_brand?post=3091"},{"taxonomy":"product_cat","embeddable":true,"href":"https:\/\/mineralozen.com\/index.php\/wp-json\/wp\/v2\/product_cat?post=3091"},{"taxonomy":"product_tag","embeddable":true,"href":"https:\/\/mineralozen.com\/index.php\/wp-json\/wp\/v2\/product_tag?post=3091"}],"curies":[{"name":"wp","href":"https:\/\/api.w.org\/{rel}","templated":true}]}}