{"id":412,"date":"2020-12-31T11:40:37","date_gmt":"2020-12-31T10:40:37","guid":{"rendered":"http:\/\/mineralozen.com\/?post_type=product&#038;p=412"},"modified":"2025-02-04T16:50:58","modified_gmt":"2025-02-04T15:50:58","slug":"bague-collection-kopan-ovale-en-obsidienne","status":"publish","type":"product","link":"https:\/\/mineralozen.com\/index.php\/produit\/bague-collection-kopan-ovale-en-obsidienne\/","title":{"rendered":"Bague collection \u00ab\u00a0Kopan\u00a0\u00bb ovale en Obsidienne"},"content":{"rendered":"<h3 style=\"text-align: center;\"><strong>Bague collection \u00ab\u00a0Kopan\u00a0\u00bb en Obsidienne.<\/strong><\/h3>\n<p style=\"text-align: center;\">Pierre ovale de 13mm x 18 mm. Bague r\u00e9glable en argent 925.<\/p>\n<p style=\"text-align: center;\"><strong>Vertus :<\/strong> L&rsquo;obsidienne est une pierre d&rsquo;ancrage. C&rsquo;est la pierre de l&rsquo;\u00e9quilibre absolue Yin et Yang. Elle est tr\u00e8s puissante pour \u00e9loigner les mauvaises \u00e9nergies.<\/p>\n<p style=\"text-align: center;\">Elle permet de clarifier les id\u00e9es et de s&rsquo;ouvrir. Elle retire les tensions psychiques, renforce la protection et la s\u00e9r\u00e9nit\u00e9.<\/p>\n<p style=\"text-align: center;\">Elle favorise la cr\u00e9ativit\u00e9 et l&rsquo;intuition.<\/p>\n<p style=\"text-align: center;\">Elle apaise les douleurs articulaires, et soulage les crampes. Elle favorise la digestion.<\/p>\n<p style=\"text-align: center;\"><strong>Signes astrologiques:<\/strong> Cancer, Sagittaire, Capricorne, Verseau.<\/p>\n<p style=\"text-align: center;\"><strong>Chakras:<\/strong> Racine.<\/p>\n<p style=\"text-align: center;\"><strong>Autres pierres disponibles sur demande.<\/strong><\/p>\n","protected":false},"excerpt":{"rendered":"<h3 style=\"text-align: left;\"><strong>Bague collection \u00ab\u00a0Kopan\u00a0\u00bb en Obsidienne.<\/strong><\/h3>\n<p style=\"text-align: left;\">Pierre ovale de 13mm x 18 mm. Bague r\u00e9glable en argent 925.<\/p>\n<p style=\"text-align: left;\">Vertus : L&rsquo;obsidienne est une pierre d&rsquo;ancrage. C&rsquo;est la pierre de l&rsquo;\u00e9quilibre absolue Yin et Yang. Elle est tr\u00e8s puissante pour \u00e9loigner les mauvaises \u00e9nergies.<\/p>\n<p style=\"text-align: left;\">Elle permet de clarifier les id\u00e9es et de s&rsquo;ouvrir. Elle retire les tensions psychiques, renforce la protection et la s\u00e9r\u00e9nit\u00e9.<\/p>\n<p style=\"text-align: left;\">Elle favorise la cr\u00e9ativit\u00e9 et l&rsquo;intuition.<\/p>\n<p style=\"text-align: left;\">Elle apaise les douleurs articulaires, et soulage les crampes. Elle favorise la digestion.<\/p>\n<p style=\"text-align: left;\">Signes astrologiques: Cancer, Sagittaire, Capricorne, Verseau.<\/p>\n<p style=\"text-align: left;\">Chakras: Racine.<\/p>\n<p style=\"text-align: left;\"><strong>Autres pierres disponibles sur demande.<\/strong><\/p>\n","protected":false},"featured_media":413,"comment_status":"open","ping_status":"closed","template":"","meta":[],"product_brand":[],"product_cat":[51,153,15],"product_tag":[55,57,56,58],"class_list":{"0":"post-412","1":"product","2":"type-product","3":"status-publish","4":"has-post-thumbnail","6":"product_cat-bagues","7":"product_cat-bijoux","8":"product_cat-non-classe","9":"product_tag-bague","10":"product_tag-bijoux","11":"product_tag-chrysocolle","12":"product_tag-pierres-naturelles","13":"product_shipping_class-bracelet","15":"first","16":"outofstock","17":"purchasable","18":"product-type-simple"},"jetpack_sharing_enabled":true,"_links":{"self":[{"href":"https:\/\/mineralozen.com\/index.php\/wp-json\/wp\/v2\/product\/412","targetHints":{"allow":["GET"]}}],"collection":[{"href":"https:\/\/mineralozen.com\/index.php\/wp-json\/wp\/v2\/product"}],"about":[{"href":"https:\/\/mineralozen.com\/index.php\/wp-json\/wp\/v2\/types\/product"}],"replies":[{"embeddable":true,"href":"https:\/\/mineralozen.com\/index.php\/wp-json\/wp\/v2\/comments?post=412"}],"wp:featuredmedia":[{"embeddable":true,"href":"https:\/\/mineralozen.com\/index.php\/wp-json\/wp\/v2\/media\/413"}],"wp:attachment":[{"href":"https:\/\/mineralozen.com\/index.php\/wp-json\/wp\/v2\/media?parent=412"}],"wp:term":[{"taxonomy":"product_brand","embeddable":true,"href":"https:\/\/mineralozen.com\/index.php\/wp-json\/wp\/v2\/product_brand?post=412"},{"taxonomy":"product_cat","embeddable":true,"href":"https:\/\/mineralozen.com\/index.php\/wp-json\/wp\/v2\/product_cat?post=412"},{"taxonomy":"product_tag","embeddable":true,"href":"https:\/\/mineralozen.com\/index.php\/wp-json\/wp\/v2\/product_tag?post=412"}],"curies":[{"name":"wp","href":"https:\/\/api.w.org\/{rel}","templated":true}]}}