{"id":415,"date":"2020-12-31T11:45:49","date_gmt":"2020-12-31T10:45:49","guid":{"rendered":"http:\/\/mineralozen.com\/?post_type=product&#038;p=415"},"modified":"2025-02-04T16:51:11","modified_gmt":"2025-02-04T15:51:11","slug":"bague-collection-kopan-ovale-en-rhodochrosite","status":"publish","type":"product","link":"https:\/\/mineralozen.com\/index.php\/produit\/bague-collection-kopan-ovale-en-rhodochrosite\/","title":{"rendered":"Bague collection \u00ab\u00a0Kopan\u00a0\u00bb ovale en Rhodochrosite"},"content":{"rendered":"<h3 style=\"text-align: center;\"><strong>Bague collection \u00ab\u00a0Kopan\u00a0\u00bb en Rhodochrosite.<\/strong><\/h3>\n<p style=\"text-align: center;\">Pierre ovale de 13mm x 18 mm. Bague r\u00e9glable en argent 925.<\/p>\n<p style=\"text-align: center;\"><strong>Vertus :<\/strong>La Rhodochrosite est la pierre de l&rsquo;amour.<\/p>\n<p style=\"text-align: center;\">Elle permet de lib\u00e9rer les \u00e9motions n\u00e9gatives. Elle favorise le bien-\u00eatre \u00e9motionnel et les sentiments amoureux.<\/p>\n<p style=\"text-align: center;\">Elle apporte le courage. Elle diminue le stress et l&rsquo;insomnie. Elle \u00e9quilibre le Yin et le Yang.<\/p>\n<p style=\"text-align: center;\">Elle soulage les troubles gastriques, les infections du foie et des reins.<\/p>\n<p style=\"text-align: center;\">Elle aide aussi \u00e0 traiter les allergies et les probl\u00e8mes cutan\u00e9s. Elle r\u00e9gule le sucre dans le sang.<\/p>\n<p style=\"text-align: center;\"><strong>Signes astrologiques :<\/strong> Taureau, Cancer, Scorpion, Lion.<\/p>\n<p style=\"text-align: center;\"><strong>Chakras:<\/strong> Coeur, Plexus solaire.<\/p>\n<p style=\"text-align: center;\"><strong>Autres pierres disponibles sur demande.<\/strong><\/p>\n","protected":false},"excerpt":{"rendered":"<h3 style=\"text-align: left;\"><strong>Bague collection \u00ab\u00a0Kopan\u00a0\u00bb en Rhodochrosite.<\/strong><\/h3>\n<p style=\"text-align: left;\">Pierre ovale de 13mm x 18 mm. Bague r\u00e9glable en argent 925.<\/p>\n<p style=\"text-align: left;\"><strong>Vertus :<\/strong>La Rhodochrosite est la pierre de l&rsquo;amour.<\/p>\n<p style=\"text-align: left;\">Elle permet de lib\u00e9rer les \u00e9motions n\u00e9gatives. Elle favorise le bien-\u00eatre \u00e9motionnel et les sentiments amoureux.<\/p>\n<p style=\"text-align: left;\">Elle apporte le courage. Elle diminue le stress et l&rsquo;insomnie. Elle \u00e9quilibre le Yin et le Yang.<\/p>\n<p style=\"text-align: left;\">Elle soulage les troubles gastriques, les infections du foie et des reins.<\/p>\n<p style=\"text-align: left;\">Elle aide aussi \u00e0 traiter les allergies et les probl\u00e8mes cutan\u00e9s. Elle r\u00e9gule le sucre dans le sang.<\/p>\n<p style=\"text-align: left;\"><strong>Signes astrologiques :<\/strong> Taureau, Cancer, Scorpion, Lion.<\/p>\n<p style=\"text-align: left;\"><strong>Chakras:<\/strong> Coeur, Plexus solaire.<\/p>\n<p style=\"text-align: left;\"><strong>Autres pierres disponibles sur demande.<\/strong><\/p>\n<p style=\"text-align: left;\">\n","protected":false},"featured_media":416,"comment_status":"open","ping_status":"closed","template":"","meta":[],"product_brand":[],"product_cat":[51,153,15],"product_tag":[55,57,65,58,64],"class_list":{"0":"post-415","1":"product","2":"type-product","3":"status-publish","4":"has-post-thumbnail","6":"product_cat-bagues","7":"product_cat-bijoux","8":"product_cat-non-classe","9":"product_tag-bague","10":"product_tag-bijoux","11":"product_tag-kopan","12":"product_tag-pierres-naturelles","13":"product_tag-rhodocrosite","14":"product_shipping_class-bracelet","16":"first","17":"outofstock","18":"purchasable","19":"product-type-simple"},"jetpack_sharing_enabled":true,"_links":{"self":[{"href":"https:\/\/mineralozen.com\/index.php\/wp-json\/wp\/v2\/product\/415","targetHints":{"allow":["GET"]}}],"collection":[{"href":"https:\/\/mineralozen.com\/index.php\/wp-json\/wp\/v2\/product"}],"about":[{"href":"https:\/\/mineralozen.com\/index.php\/wp-json\/wp\/v2\/types\/product"}],"replies":[{"embeddable":true,"href":"https:\/\/mineralozen.com\/index.php\/wp-json\/wp\/v2\/comments?post=415"}],"wp:featuredmedia":[{"embeddable":true,"href":"https:\/\/mineralozen.com\/index.php\/wp-json\/wp\/v2\/media\/416"}],"wp:attachment":[{"href":"https:\/\/mineralozen.com\/index.php\/wp-json\/wp\/v2\/media?parent=415"}],"wp:term":[{"taxonomy":"product_brand","embeddable":true,"href":"https:\/\/mineralozen.com\/index.php\/wp-json\/wp\/v2\/product_brand?post=415"},{"taxonomy":"product_cat","embeddable":true,"href":"https:\/\/mineralozen.com\/index.php\/wp-json\/wp\/v2\/product_cat?post=415"},{"taxonomy":"product_tag","embeddable":true,"href":"https:\/\/mineralozen.com\/index.php\/wp-json\/wp\/v2\/product_tag?post=415"}],"curies":[{"name":"wp","href":"https:\/\/api.w.org\/{rel}","templated":true}]}}